{"id":79,"date":"2020-11-14T09:20:17","date_gmt":"2020-11-14T09:20:17","guid":{"rendered":"http:\/\/finix.powersquall.com\/?page_id=79"},"modified":"2025-12-16T15:22:11","modified_gmt":"2025-12-16T12:22:11","slug":"iletisim","status":"publish","type":"page","link":"https:\/\/www.ataduyisitme.com\/en\/iletisim\/","title":{"rendered":"Contact"},"content":{"rendered":"<div data-elementor-type=\"wp-page\" data-elementor-id=\"79\" class=\"elementor elementor-79\" data-elementor-post-type=\"page\">\n\t\t\t\t\t\t<section class=\"elementor-section elementor-top-section elementor-element elementor-element-89145f3 elementor-section-boxed elementor-section-height-default elementor-section-height-default\" data-id=\"89145f3\" data-element_type=\"section\">\n\t\t\t\t\t\t<div class=\"elementor-container elementor-column-gap-default\">\n\t\t\t\t\t<div class=\"elementor-column elementor-col-100 elementor-top-column elementor-element elementor-element-7f8e5798\" data-id=\"7f8e5798\" data-element_type=\"column\">\n\t\t\t<div class=\"elementor-widget-wrap elementor-element-populated\">\n\t\t\t\t\t\t<section class=\"elementor-section elementor-inner-section elementor-element elementor-element-5c1a36b8 elementor-section-boxed elementor-section-height-default elementor-section-height-default\" data-id=\"5c1a36b8\" data-element_type=\"section\">\n\t\t\t\t\t\t<div class=\"elementor-container elementor-column-gap-default\">\n\t\t\t\t\t<div class=\"elementor-column elementor-col-100 elementor-inner-column elementor-element elementor-element-16579942\" data-id=\"16579942\" data-element_type=\"column\">\n\t\t\t<div class=\"elementor-widget-wrap elementor-element-populated\">\n\t\t\t\t\t\t<div class=\"elementor-element elementor-element-65f1a642 elementor-widget elementor-widget-section_title\" data-id=\"65f1a642\" data-element_type=\"widget\" data-widget_type=\"section_title.default\">\n\t\t\t\t<div class=\"elementor-widget-container\">\n\t\t\t\t\t<div class=\"sub_title-1 section-title center\">\n\t\t\t\t\t\t\t<span class=\"title-tagline\">Ataduy \u0130\u015fitme Cihazlar\u0131<\/span>\n\t\t\t\t\t\t<h4 class=\"main-title\">\u0130leti\u015fim Bilgilerimiz<\/h4>\n\t\t\t\t\t<\/div>\n\t\t\t<\/div>\n\t\t\t\t<\/div>\n\t\t\t\t\t<\/div>\n\t\t<\/div>\n\t\t\t\t\t<\/div>\n\t\t<\/section>\n\t\t\t\t<section class=\"elementor-section elementor-inner-section elementor-element elementor-element-7bc20b5 elementor-section-boxed elementor-section-height-default elementor-section-height-default\" data-id=\"7bc20b5\" data-element_type=\"section\">\n\t\t\t\t\t\t<div class=\"elementor-container elementor-column-gap-default\">\n\t\t\t\t\t<div class=\"elementor-column elementor-col-25 elementor-inner-column elementor-element elementor-element-70e8bac\" data-id=\"70e8bac\" data-element_type=\"column\">\n\t\t\t<div class=\"elementor-widget-wrap elementor-element-populated\">\n\t\t\t\t\t\t<div class=\"elementor-element elementor-element-7e5a981 elementor-widget elementor-widget-info_box\" data-id=\"7e5a981\" data-element_type=\"widget\" data-widget_type=\"info_box.default\">\n\t\t\t\t<div class=\"elementor-widget-container\">\n\t\t\t\t\t<div class=\"feature-box style-flat icon-top text-left shadow-enable border-hover\">\n\t\t\t\t\t\t<div class=\"feature-icon\"><i aria-hidden=\"true\" class=\"ti ti-headphone-alt\"><\/i><\/div>\n\t\t\t            <div class=\"feature-info\">\n\t\t\t\t              \t\t<h6 class=\"title\">Telefon<\/h6>\n\t\t\t\t              \t\t<p> +90 216 759 49 00<\/p>\n\t\t\t\t\t\t\t\t\t\t\t\t<a class=\"feature-link\" href=\"tel:02167594900\">Hemen Aray\u0131n<\/a>\n\t\t\t\t            <\/div>\n        <\/div>\n\t\t\t\t<\/div>\n\t\t\t\t<\/div>\n\t\t\t\t\t<\/div>\n\t\t<\/div>\n\t\t\t\t<div class=\"elementor-column elementor-col-25 elementor-inner-column elementor-element elementor-element-21eba4b\" data-id=\"21eba4b\" data-element_type=\"column\">\n\t\t\t<div class=\"elementor-widget-wrap elementor-element-populated\">\n\t\t\t\t\t\t<div class=\"elementor-element elementor-element-09be0e5 elementor-widget elementor-widget-info_box\" data-id=\"09be0e5\" data-element_type=\"widget\" data-widget_type=\"info_box.default\">\n\t\t\t\t<div class=\"elementor-widget-container\">\n\t\t\t\t\t<div class=\"feature-box style-flat icon-top text-left shadow-enable border-hover\">\n\t\t\t\t\t\t<div class=\"feature-icon\"><i aria-hidden=\"true\" class=\"ti ti-email\"><\/i><\/div>\n\t\t\t            <div class=\"feature-info\">\n\t\t\t\t              \t\t<h6 class=\"title\">E-Posta<\/h6>\n\t\t\t\t              \t\t<p>info@ataduyisitme.com<\/p>\n\t\t\t\t\t\t\t\t            <\/div>\n        <\/div>\n\t\t\t\t<\/div>\n\t\t\t\t<\/div>\n\t\t\t\t\t<\/div>\n\t\t<\/div>\n\t\t\t\t<div class=\"elementor-column elementor-col-25 elementor-inner-column elementor-element elementor-element-5fbdffb\" data-id=\"5fbdffb\" data-element_type=\"column\">\n\t\t\t<div class=\"elementor-widget-wrap elementor-element-populated\">\n\t\t\t\t\t\t<div class=\"elementor-element elementor-element-b97ba6d elementor-widget elementor-widget-info_box\" data-id=\"b97ba6d\" data-element_type=\"widget\" data-widget_type=\"info_box.default\">\n\t\t\t\t<div class=\"elementor-widget-container\">\n\t\t\t\t\t<div class=\"feature-box style-flat icon-top text-left shadow-enable border-hover\">\n\t\t\t\t\t\t<div class=\"feature-icon\"><i aria-hidden=\"true\" class=\"ti ti-map-alt\"><\/i><\/div>\n\t\t\t            <div class=\"feature-info\">\n\t\t\t\t              \t\t<h6 class=\"title\">Adres<\/h6>\n\t\t\t\t              \t\t<p>Ba\u011flarba\u015f\u0131 Mah. \u00c7am Sk. No:24-5 Maltepe\/\u0130stanbul<\/p>\n\t\t\t\t\t\t\t\t            <\/div>\n        <\/div>\n\t\t\t\t<\/div>\n\t\t\t\t<\/div>\n\t\t\t\t\t<\/div>\n\t\t<\/div>\n\t\t\t\t<div class=\"elementor-column elementor-col-25 elementor-inner-column elementor-element elementor-element-d661529\" data-id=\"d661529\" data-element_type=\"column\">\n\t\t\t<div class=\"elementor-widget-wrap elementor-element-populated\">\n\t\t\t\t\t\t<div class=\"elementor-element elementor-element-5fe40fe elementor-widget elementor-widget-info_box\" data-id=\"5fe40fe\" data-element_type=\"widget\" data-widget_type=\"info_box.default\">\n\t\t\t\t<div class=\"elementor-widget-container\">\n\t\t\t\t\t<div class=\"feature-box style-flat icon-top text-left shadow-enable border-hover\">\n\t\t\t\t\t\t<div class=\"feature-icon\"><i aria-hidden=\"true\" class=\"ti ti-alarm-clock\"><\/i><\/div>\n\t\t\t            <div class=\"feature-info\">\n\t\t\t\t              \t\t<h6 class=\"title\">\u00c7al\u0131\u015fma Saatlerimiz<\/h6>\n\t\t\t\t              \t\t<p>Pzrtesi - Cuma: 9.00-18.00\n\nCumartesi: 09.00-15.00\n<\/p>\n\t\t\t\t\t\t\t\t            <\/div>\n        <\/div>\n\t\t\t\t<\/div>\n\t\t\t\t<\/div>\n\t\t\t\t\t<\/div>\n\t\t<\/div>\n\t\t\t\t\t<\/div>\n\t\t<\/section>\n\t\t\t\t\t<\/div>\n\t\t<\/div>\n\t\t\t\t\t<\/div>\n\t\t<\/section>\n\t\t\t\t<section class=\"elementor-section elementor-top-section elementor-element elementor-element-3e427dfc elementor-section-boxed elementor-section-height-default elementor-section-height-default\" data-id=\"3e427dfc\" data-element_type=\"section\" data-settings=\"{&quot;background_background&quot;:&quot;classic&quot;}\">\n\t\t\t\t\t\t<div class=\"elementor-container elementor-column-gap-default\">\n\t\t\t\t\t<div class=\"elementor-column elementor-col-50 elementor-top-column elementor-element elementor-element-1b9e09d8\" data-id=\"1b9e09d8\" data-element_type=\"column\">\n\t\t\t<div class=\"elementor-widget-wrap elementor-element-populated\">\n\t\t\t\t\t\t<div class=\"elementor-element elementor-element-14596eb7 elementor-widget elementor-widget-section_title\" data-id=\"14596eb7\" data-element_type=\"widget\" data-widget_type=\"section_title.default\">\n\t\t\t\t<div class=\"elementor-widget-container\">\n\t\t\t\t\t<div class=\"sub_title-1 section-title text-left\">\n\t\t\t\t\t\t\t<span class=\"title-tagline\">Ataduy \u0130\u015fitme Cihazlar\u0131<\/span>\n\t\t\t\t\t\t<h4 class=\"main-title\">\u0130leti\u015fim Formu<\/h4>\n\t\t\t\t\t<\/div>\n\t\t\t<\/div>\n\t\t\t\t<\/div>\n\t\t\t\t<div class=\"elementor-element elementor-element-48ebb0a elementor-widget elementor-widget-text-editor\" data-id=\"48ebb0a\" data-element_type=\"widget\" data-widget_type=\"text-editor.default\">\n\t\t\t\t<div class=\"elementor-widget-container\">\n\t\t\t\t\t\t\t<p>Formu doldurarak bizimle ileti\u015fime ge\u00e7erek destek ve bilgi alabilirsiniz.<\/p>\t\t\t\t\t\t<\/div>\n\t\t\t\t<\/div>\n\t\t\t\t<div class=\"elementor-element elementor-element-5e2533b3 elementor-widget elementor-widget-shortcode\" data-id=\"5e2533b3\" data-element_type=\"widget\" data-widget_type=\"shortcode.default\">\n\t\t\t\t<div class=\"elementor-widget-container\">\n\t\t\t\t\t<div class=\"elementor-shortcode\">\n<div class=\"wpcf7 no-js\" id=\"wpcf7-f6649-o1\" lang=\"en-US\" dir=\"ltr\" data-wpcf7-id=\"6649\">\n<div class=\"screen-reader-response\"><p role=\"status\" aria-live=\"polite\" aria-atomic=\"true\"><\/p> <ul><\/ul><\/div>\n<form action=\"\/en\/wp-json\/wp\/v2\/pages\/79#wpcf7-f6649-o1\" method=\"post\" class=\"wpcf7-form init\" aria-label=\"Contact form\" novalidate=\"novalidate\" data-status=\"init\" data-trp-original-action=\"\/en\/wp-json\/wp\/v2\/pages\/79#wpcf7-f6649-o1\">\n<fieldset class=\"hidden-fields-container\"><input type=\"hidden\" name=\"_wpcf7\" value=\"6649\" \/><input type=\"hidden\" name=\"_wpcf7_version\" value=\"6.1.4\" \/><input type=\"hidden\" name=\"_wpcf7_locale\" value=\"en_US\" \/><input type=\"hidden\" name=\"_wpcf7_unit_tag\" value=\"wpcf7-f6649-o1\" \/><input type=\"hidden\" name=\"_wpcf7_container_post\" value=\"0\" \/><input type=\"hidden\" name=\"_wpcf7_posted_data_hash\" value=\"\" \/>\n<\/fieldset>\n<div class=\"row\">\n\t<div class=\"col-sm-6\">\n\t\t<p><span class=\"wpcf7-form-control-wrap\" data-name=\"your-name\"><input size=\"40\" maxlength=\"400\" class=\"wpcf7-form-control wpcf7-text wpcf7-validates-as-required form-control\" aria-required=\"true\" aria-invalid=\"false\" placeholder=\"Ad-Soyad*\" value=\"\" type=\"text\" name=\"your-name\" \/><\/span>\n\t\t<\/p>\n\t<\/div>\n\t<div class=\"col-sm-6\">\n\t\t<p><span class=\"wpcf7-form-control-wrap\" data-name=\"tel-922\"><input size=\"40\" maxlength=\"400\" class=\"wpcf7-form-control wpcf7-tel wpcf7-text wpcf7-validates-as-tel form-control\" aria-invalid=\"false\" placeholder=\"Telefon*\" value=\"\" type=\"tel\" name=\"tel-922\" \/><\/span>\n\t\t<\/p>\n\t<\/div>\n\t<div class=\"col-sm-6\">\n\t\t<p><span class=\"wpcf7-form-control-wrap\" data-name=\"your-email\"><input size=\"40\" maxlength=\"400\" class=\"wpcf7-form-control wpcf7-email wpcf7-validates-as-required wpcf7-text wpcf7-validates-as-email form-control\" aria-required=\"true\" aria-invalid=\"false\" placeholder=\"E-Posta*\" value=\"\" type=\"email\" name=\"your-email\" \/><\/span>\n\t\t<\/p>\n\t<\/div>\n\t<div class=\"col-sm-6\">\n\t\t<p><span class=\"wpcf7-form-control-wrap\" data-name=\"your-subject\"><input size=\"40\" maxlength=\"400\" class=\"wpcf7-form-control wpcf7-text form-control\" aria-invalid=\"false\" placeholder=\"Konu*\" value=\"\" type=\"text\" name=\"your-subject\" \/><\/span>\n\t\t<\/p>\n\t<\/div>\n\t<div class=\"col-sm-12\">\n\t\t<p>\u015eube Se\u00e7iniz<br \/>\n<span class=\"wpcf7-form-control-wrap\" data-name=\"menu-547\"><select class=\"wpcf7-form-control wpcf7-select\" aria-invalid=\"false\" name=\"menu-547\"><option value=\"Maltepe Ataduy\">Maltepe Ataduy<\/option><option value=\"Kad\u0131k\u00f6y Ataduy\">Kad\u0131k\u00f6y Ataduy<\/option><option value=\"Bak\u0131rk\u00f6y Ataduy\">Bak\u0131rk\u00f6y Ataduy<\/option><option value=\"Pendik Ataduy\">Pendik Ataduy<\/option><option value=\"Tekirda\u011f Ataduy\">Tekirda\u011f Ataduy<\/option><option value=\"Gebze Ataduy\">Gebze Ataduy<\/option><option value=\"Antalya Ataduy\">Antalya Ataduy<\/option><option value=\"K\u0131rklareli Ataduy\">K\u0131rklareli Ataduy<\/option><option value=\"Ankara Ataduy\">Ankara Ataduy<\/option><option value=\"Edirne Ataduy\">Edirne Ataduy<\/option><option value=\"Eski\u015fehir Ataduy\">Eski\u015fehir Ataduy<\/option><\/select><\/span>\n\t\t<\/p>\n\t<\/div>\n\t<div class=\"col-sm-12\">\n\t\t<p><span class=\"wpcf7-form-control-wrap\" data-name=\"your-message\"><textarea cols=\"30\" rows=\"4\" maxlength=\"2000\" class=\"wpcf7-form-control wpcf7-textarea form-control\" aria-invalid=\"false\" placeholder=\"Mesaj\u0131n\u0131z\" name=\"your-message\"><\/textarea><\/span>\n\t\t<\/p>\n\t<\/div>\n\t<div class=\"col-sm-12\">\n\t\t<p><span class=\"wpcf7-form-control-wrap\" data-name=\"acceptance-623\"><span class=\"wpcf7-form-control wpcf7-acceptance optional\"><span class=\"wpcf7-list-item\"><label><input type=\"checkbox\" name=\"acceptance-623\" value=\"1\" aria-invalid=\"false\" \/><span class=\"wpcf7-list-item-label\">Mesaj g\u00f6nder butonuna t\u0131klayarak \u201cForm\u201d \u015fartlar\u0131m\u0131z\u0131 ve taray\u0131c\u0131da \u00e7erez kullan\u0131m\u0131na izin vermeyi kabul etmi\u015f olursunuz.<\/span><\/label><\/span><\/span><\/span>\n\t\t<\/p>\n\t<\/div>\n\t<div class=\"col-sm-12 mb-0\">\n\t\t<p><input class=\"wpcf7-form-control wpcf7-submit has-spinner\" type=\"submit\" value=\"G\u00f6nder\" \/>\n\t\t<\/p>\n\t<\/div>\n<\/div><div class=\"wpcf7-response-output\" aria-hidden=\"true\"><\/div>\n<input type=\"hidden\" name=\"trp-form-language\" value=\"en\"\/><\/form>\n<\/div>\n<\/div>\n\t\t\t\t<\/div>\n\t\t\t\t<\/div>\n\t\t\t\t\t<\/div>\n\t\t<\/div>\n\t\t\t\t<div class=\"elementor-column elementor-col-50 elementor-top-column elementor-element elementor-element-f605c56\" data-id=\"f605c56\" data-element_type=\"column\">\n\t\t\t<div class=\"elementor-widget-wrap elementor-element-populated\">\n\t\t\t\t\t\t<div class=\"elementor-element elementor-element-bf77f6d elementor-widget elementor-widget-google_maps\" data-id=\"bf77f6d\" data-element_type=\"widget\" data-widget_type=\"google_maps.default\">\n\t\t\t\t<div class=\"elementor-widget-container\">\n\t\t\t\t\t<div class=\"elementor-custom-embed\">\n\t\t\t<iframe loading=\"lazy\"\n\t\t\t\t\tsrc=\"https:\/\/maps.google.com\/maps?q=Ataduy%20Ba%C4%9Flarba%C5%9F%C4%B1%20Mah.%20%C3%87am%20Sk.%20No%3A24-5%20Maltepe%2F%C4%B0stanbul&#038;t=m&#038;z=14&#038;output=embed&#038;iwloc=near\"\n\t\t\t\t\ttitle=\"Ataduy Ba\u011flarba\u015f\u0131 Mah. \u00c7am Sk. No:24-5 Maltepe\/\u0130stanbul\"\n\t\t\t\t\taria-label=\"Ataduy Ba\u011flarba\u015f\u0131 Mah. \u00c7am Sk. No:24-5 Maltepe\/\u0130stanbul\"\n\t\t\t><\/iframe>\n\t\t<\/div>\n\t\t\t\t<\/div>\n\t\t\t\t<\/div>\n\t\t\t\t\t<\/div>\n\t\t<\/div>\n\t\t\t\t\t<\/div>\n\t\t<\/section>\n\t\t\t\t<section class=\"elementor-section elementor-top-section elementor-element elementor-element-a107422 elementor-section-stretched elementor-reverse-tablet elementor-reverse-mobile elementor-hidden-desktop elementor-hidden-tablet elementor-hidden-mobile elementor-section-boxed elementor-section-height-default elementor-section-height-default\" data-id=\"a107422\" data-element_type=\"section\" data-settings=\"{&quot;background_background&quot;:&quot;gradient&quot;,&quot;stretch_section&quot;:&quot;section-stretched&quot;}\">\n\t\t\t\t\t\t<div class=\"elementor-container elementor-column-gap-default\">\n\t\t\t\t\t<div class=\"elementor-column elementor-col-100 elementor-top-column elementor-element elementor-element-ec30988\" data-id=\"ec30988\" data-element_type=\"column\">\n\t\t\t<div class=\"elementor-widget-wrap elementor-element-populated\">\n\t\t\t\t\t\t<div class=\"elementor-element elementor-element-8c32978 elementor-widget elementor-widget-client_logo\" data-id=\"8c32978\" data-element_type=\"widget\" data-widget_type=\"client_logo.default\">\n\t\t\t\t<div class=\"elementor-widget-container\">\n\t\t\t\t\t<div class=\"client-logo-main style-default arrow-default\">\n\t\t\t\t<div class=\"swiper-container\" data-items=\"5\" data-lg-items=\"4\" data-md-items=\"3\" data-sm-items=\"3\" data-xs-items=\"2\" data-space=\"\" data-arrow=\"false\" data-bullets=\"false\" data-autoplay=\"true\" data-loop=\"true\">\n\t\t\t<div class=\"swiper-wrapper\">\n\t\t\t\t\t\t\t\t<div class=\"swiper-slide\">\n\t\t\t\t\t<div class=\"client-logo\">\n\t\t\t\t\t\t<a href=\"#\">\n\t\t\t\t\t\t\t<img decoding=\"async\" src=\"http:\/\/finix.powersquall.com\/wp-content\/uploads\/2021\/04\/brand-1-1.png\" class=\"img-fluid\" alt=\"\" \/>\n\t\t\t\t\t\t<\/a>\n\t\t\t\t\t<\/div>\n\t\t\t\t<\/div>\n\t\t\t\t\t\t\t\t<div class=\"swiper-slide\">\n\t\t\t\t\t<div class=\"client-logo\">\n\t\t\t\t\t\t<a href=\"#\">\n\t\t\t\t\t\t\t<img decoding=\"async\" src=\"http:\/\/finix.powersquall.com\/wp-content\/uploads\/2021\/04\/brand-2-1.png\" class=\"img-fluid\" alt=\"\" \/>\n\t\t\t\t\t\t<\/a>\n\t\t\t\t\t<\/div>\n\t\t\t\t<\/div>\n\t\t\t\t\t\t\t\t<div class=\"swiper-slide\">\n\t\t\t\t\t<div class=\"client-logo\">\n\t\t\t\t\t\t<a href=\"#\">\n\t\t\t\t\t\t\t<img decoding=\"async\" src=\"http:\/\/finix.powersquall.com\/wp-content\/uploads\/2021\/04\/brand-3-1.png\" class=\"img-fluid\" alt=\"\" \/>\n\t\t\t\t\t\t<\/a>\n\t\t\t\t\t<\/div>\n\t\t\t\t<\/div>\n\t\t\t\t\t\t\t\t<div class=\"swiper-slide\">\n\t\t\t\t\t<div class=\"client-logo\">\n\t\t\t\t\t\t<a href=\"#\">\n\t\t\t\t\t\t\t<img decoding=\"async\" src=\"http:\/\/finix.powersquall.com\/wp-content\/uploads\/2021\/04\/brand-4-1.png\" class=\"img-fluid\" alt=\"\" \/>\n\t\t\t\t\t\t<\/a>\n\t\t\t\t\t<\/div>\n\t\t\t\t<\/div>\n\t\t\t\t\t\t\t\t<div class=\"swiper-slide\">\n\t\t\t\t\t<div class=\"client-logo\">\n\t\t\t\t\t\t<a href=\"#\">\n\t\t\t\t\t\t\t<img decoding=\"async\" src=\"http:\/\/finix.powersquall.com\/wp-content\/uploads\/2021\/04\/brand-5-1.png\" class=\"img-fluid\" alt=\"\" \/>\n\t\t\t\t\t\t<\/a>\n\t\t\t\t\t<\/div>\n\t\t\t\t<\/div>\n\t\t\t\t\t\t\t\t<div class=\"swiper-slide\">\n\t\t\t\t\t<div class=\"client-logo\">\n\t\t\t\t\t\t<a href=\"#\">\n\t\t\t\t\t\t\t<img decoding=\"async\" src=\"http:\/\/finix.powersquall.com\/wp-content\/uploads\/2021\/04\/brand-6-1.png\" class=\"img-fluid\" alt=\"\" \/>\n\t\t\t\t\t\t<\/a>\n\t\t\t\t\t<\/div>\n\t\t\t\t<\/div>\n\t\t\t\t\t\t\t<\/div>\n\n\t\t\t<div class=\"swiper-pagination\"><\/div>\n\t\t\t<div class=\"swiper-button-next\"><i class=\"fas fa-chevron-right\"><\/i><\/div>\n\t\t\t<div class=\"swiper-button-prev\"><i class=\"fas fa-chevron-left\"><\/i><\/div>\n\n\t\t<\/div>\n\t\t\t\t\t<\/div>\n\t\t\t\t<\/div>\n\t\t\t\t<\/div>\n\t\t\t\t\t<\/div>\n\t\t<\/div>\n\t\t\t\t\t<\/div>\n\t\t<\/section>\n\t\t\t\t<\/div>","protected":false},"excerpt":{"rendered":"<p>Ataduy \u0130\u015fitme Cihazlar\u0131 \u0130leti\u015fim Bilgilerimiz Telefon +90 216 759 49 00 Hemen Aray\u0131n E-Posta info@ataduyisitme.com Adres Ba\u011flarba\u015f\u0131 Mah. \u00c7am Sk. No:24-5 Maltepe\/\u0130stanbul \u00c7al\u0131\u015fma Saatlerimiz Pzrtesi &#8211; Cuma: 9.00-18.00 Cumartesi: 09.00-15.00 Ataduy \u0130\u015fitme Cihazlar\u0131 \u0130leti\u015fim Formu Formu doldurarak bizimle ileti\u015fime ge\u00e7erek destek ve bilgi alabilirsiniz.<\/p>","protected":false},"author":1,"featured_media":0,"parent":0,"menu_order":0,"comment_status":"closed","ping_status":"closed","template":"elementor_header_footer","meta":{"_acf_changed":false,"footnotes":""},"class_list":["post-79","page","type-page","status-publish","hentry"],"acf":[],"_links":{"self":[{"href":"https:\/\/www.ataduyisitme.com\/en\/wp-json\/wp\/v2\/pages\/79","targetHints":{"allow":["GET"]}}],"collection":[{"href":"https:\/\/www.ataduyisitme.com\/en\/wp-json\/wp\/v2\/pages"}],"about":[{"href":"https:\/\/www.ataduyisitme.com\/en\/wp-json\/wp\/v2\/types\/page"}],"author":[{"embeddable":true,"href":"https:\/\/www.ataduyisitme.com\/en\/wp-json\/wp\/v2\/users\/1"}],"replies":[{"embeddable":true,"href":"https:\/\/www.ataduyisitme.com\/en\/wp-json\/wp\/v2\/comments?post=79"}],"version-history":[{"count":56,"href":"https:\/\/www.ataduyisitme.com\/en\/wp-json\/wp\/v2\/pages\/79\/revisions"}],"predecessor-version":[{"id":10408,"href":"https:\/\/www.ataduyisitme.com\/en\/wp-json\/wp\/v2\/pages\/79\/revisions\/10408"}],"wp:attachment":[{"href":"https:\/\/www.ataduyisitme.com\/en\/wp-json\/wp\/v2\/media?parent=79"}],"curies":[{"name":"wp","href":"https:\/\/api.w.org\/{rel}","templated":true}]}}