{"id":8289,"date":"2020-11-14T09:10:25","date_gmt":"2020-11-14T09:10:25","guid":{"rendered":"http:\/\/finix.powersquall.com\/?page_id=15"},"modified":"2025-06-18T10:42:32","modified_gmt":"2025-06-18T07:42:32","slug":"isitme-sagligi","status":"publish","type":"page","link":"https:\/\/www.ataduyisitme.com\/en\/isitme-sagligi\/","title":{"rendered":"Hearing Health"},"content":{"rendered":"<div data-elementor-type=\"wp-page\" data-elementor-id=\"8289\" class=\"elementor elementor-8289\" data-elementor-post-type=\"page\">\n\t\t\t\t\t\t<section class=\"elementor-section elementor-top-section elementor-element elementor-element-aac84ce elementor-section-content-middle elementor-section-boxed elementor-section-height-default elementor-section-height-default\" data-id=\"aac84ce\" data-element_type=\"section\">\n\t\t\t\t\t\t<div class=\"elementor-container elementor-column-gap-default\">\n\t\t\t\t\t<div class=\"elementor-column elementor-col-50 elementor-top-column elementor-element elementor-element-84eacfc\" data-id=\"84eacfc\" data-element_type=\"column\">\n\t\t\t<div class=\"elementor-widget-wrap elementor-element-populated\">\n\t\t\t\t\t\t<div class=\"elementor-element elementor-element-65c0a29 elementor-widget elementor-widget-image\" data-id=\"65c0a29\" data-element_type=\"widget\" data-widget_type=\"image.default\">\n\t\t\t\t<div class=\"elementor-widget-container\">\n\t\t\t\t\t\t\t\t\t\t\t\t\t<img fetchpriority=\"high\" decoding=\"async\" width=\"745\" height=\"574\" src=\"https:\/\/www.ataduyisitme.com\/wp-content\/uploads\/2024\/08\/ataduy-isitme-hakkimizda-kulak-sagligi.jpg\" class=\"attachment-full size-full wp-image-9305\" alt=\"\" srcset=\"https:\/\/www.ataduyisitme.com\/wp-content\/uploads\/2024\/08\/ataduy-isitme-hakkimizda-kulak-sagligi.jpg 745w, https:\/\/www.ataduyisitme.com\/wp-content\/uploads\/2024\/08\/ataduy-isitme-hakkimizda-kulak-sagligi-300x231.jpg 300w, https:\/\/www.ataduyisitme.com\/wp-content\/uploads\/2024\/08\/ataduy-isitme-hakkimizda-kulak-sagligi-16x12.jpg 16w, https:\/\/www.ataduyisitme.com\/wp-content\/uploads\/2024\/08\/ataduy-isitme-hakkimizda-kulak-sagligi-24x18.jpg 24w, https:\/\/www.ataduyisitme.com\/wp-content\/uploads\/2024\/08\/ataduy-isitme-hakkimizda-kulak-sagligi-36x28.jpg 36w, https:\/\/www.ataduyisitme.com\/wp-content\/uploads\/2024\/08\/ataduy-isitme-hakkimizda-kulak-sagligi-48x37.jpg 48w, https:\/\/www.ataduyisitme.com\/wp-content\/uploads\/2024\/08\/ataduy-isitme-hakkimizda-kulak-sagligi-400x308.jpg 400w\" sizes=\"100vw\" \/>\t\t\t\t\t\t\t\t\t\t\t\t\t<\/div>\n\t\t\t\t<\/div>\n\t\t\t\t\t<\/div>\n\t\t<\/div>\n\t\t\t\t<div class=\"elementor-column elementor-col-50 elementor-top-column elementor-element elementor-element-eefe1e1\" data-id=\"eefe1e1\" data-element_type=\"column\">\n\t\t\t<div class=\"elementor-widget-wrap elementor-element-populated\">\n\t\t\t\t\t\t<div class=\"elementor-element elementor-element-e251b2b elementor-widget elementor-widget-section_title\" data-id=\"e251b2b\" data-element_type=\"widget\" data-widget_type=\"section_title.default\">\n\t\t\t\t<div class=\"elementor-widget-container\">\n\t\t\t\t\t<div class=\"sub_title-1 section-title left\">\n\t\t\t\t\t\t\t<span class=\"title-tagline\">Ataduy \u0130\u015fitme Cihazlar\u0131<\/span>\n\t\t\t\t\t\t<h2 class=\"main-title\">T\u00fcrkiye\u2019de be\u015f yeti\u015fkinden\u00a0birinde i\u015fitme kayb\u0131 var.<\/h2>\n\t\t\t\t\t<\/div>\n\t\t\t<\/div>\n\t\t\t\t<\/div>\n\t\t\t\t<div class=\"elementor-element elementor-element-f04eb64 elementor-widget elementor-widget-text-editor\" data-id=\"f04eb64\" data-element_type=\"widget\" data-widget_type=\"text-editor.default\">\n\t\t\t\t<div class=\"elementor-widget-container\">\n\t\t\t\t\t\t\t<p>\u0130\u015fitme kayb\u0131 depresyona, bili\u015fsel bozulmaya ve demansa yol a\u00e7abilir. Bu nedenle i\u015fitme kayb\u0131nda erken te\u015fhis ve cihaz kullanmak \u00f6nemlidir.<\/p><p>Ne kadar erken harekete ge\u00e7erseniz, i\u015fitme kayb\u0131n\u0131n olumsuz etkilerinin olu\u015fmas\u0131n\u0131 o kadar erken durdurursunuz \u2013 ve i\u015fitme sa\u011fl\u0131\u011f\u0131n\u0131z\u0131 o kadar erken iyile\u015ftirir, zihinsel netli\u011finizi ve kendinize g\u00fcveninizi o kadar erken tekrar kazan\u0131rs\u0131n\u0131z.<\/p><p>Ara\u015ft\u0131rmalar i\u015fitme kayb\u0131n\u0131n sosyal, psikolojik ve bili\u015fsel performans \u00fczerindeki \u00f6nemli etkileri oldu\u011funu g\u00f6stermektedir. Zaman ge\u00e7tik\u00e7e azalan i\u015fitsel uyar\u0131m, beynin sesleri i\u015fleme ve konu\u015fmalar\u0131 tan\u0131ma becerisini ger\u00e7ekten bozabilir. Etraf\u0131n\u0131zdaki sesleri i\u015fitemedi\u011finizde, zihinsel netli\u011finiz k\u00f6t\u00fc etkilenebilir. \u0130\u015fitme kayb\u0131 depresyona, bili\u015fsel bozulmaya ve demansa (bunama) yol a\u00e7abilir. Bu nedenle tedaviye m\u00fcmk\u00fcn oldu\u011fu kadar erken ba\u015flamak \u00f6nemlidir.<\/p><h4 class=\"elementor-heading-title elementor-size-default\"><span style=\"font-size: 1rem; font-weight: 400;\">\u00a0<\/span><\/h4>\t\t\t\t\t\t<\/div>\n\t\t\t\t<\/div>\n\t\t\t\t<section class=\"elementor-section elementor-inner-section elementor-element elementor-element-1b05998 elementor-section-boxed elementor-section-height-default elementor-section-height-default\" data-id=\"1b05998\" data-element_type=\"section\">\n\t\t\t\t\t\t<div class=\"elementor-container elementor-column-gap-default\">\n\t\t\t\t\t<div class=\"elementor-column elementor-col-100 elementor-inner-column elementor-element elementor-element-06abf81\" data-id=\"06abf81\" data-element_type=\"column\">\n\t\t\t<div class=\"elementor-widget-wrap\">\n\t\t\t\t\t\t\t<\/div>\n\t\t<\/div>\n\t\t\t\t\t<\/div>\n\t\t<\/section>\n\t\t\t\t\t<\/div>\n\t\t<\/div>\n\t\t\t\t\t<\/div>\n\t\t<\/section>\n\t\t\t\t<section class=\"elementor-section elementor-top-section elementor-element elementor-element-9e89c8a elementor-section-content-middle elementor-section-boxed elementor-section-height-default elementor-section-height-default\" data-id=\"9e89c8a\" data-element_type=\"section\">\n\t\t\t\t\t\t<div class=\"elementor-container elementor-column-gap-default\">\n\t\t\t\t\t<div class=\"elementor-column elementor-col-50 elementor-top-column elementor-element elementor-element-438d1a2\" data-id=\"438d1a2\" data-element_type=\"column\">\n\t\t\t<div class=\"elementor-widget-wrap elementor-element-populated\">\n\t\t\t\t\t\t<div class=\"elementor-element elementor-element-81fff5d elementor-widget elementor-widget-section_title\" data-id=\"81fff5d\" data-element_type=\"widget\" data-widget_type=\"section_title.default\">\n\t\t\t\t<div class=\"elementor-widget-container\">\n\t\t\t\t\t<div class=\"sub_title-1 section-title left\">\n\t\t\t\t\t\t\t<span class=\"title-tagline\">Ataduy \u0130\u015fitme Cihazlar\u0131<\/span>\n\t\t\t\t\t\t<h2 class=\"main-title\">\u0130\u015fitmeniz ile ilgili kayg\u0131lar\u0131n\u0131z m\u0131 var?<\/h2>\n\t\t\t\t\t<\/div>\n\t\t\t<\/div>\n\t\t\t\t<\/div>\n\t\t\t\t<div class=\"elementor-element elementor-element-b55b650 elementor-widget elementor-widget-text-editor\" data-id=\"b55b650\" data-element_type=\"widget\" data-widget_type=\"text-editor.default\">\n\t\t\t\t<div class=\"elementor-widget-container\">\n\t\t\t\t\t\t\t<p>\u0130\u015fitme problemi ya\u015fayan ki\u015finin yan\u0131 s\u0131ra i\u015fitme kayb\u0131, aile \u00fcyelerini, arkada\u015flar\u0131 ve i\u015f arkada\u015flar\u0131n\u0131 etkileyebilir.<br \/>A\u015fa\u011f\u0131daki gibi kayg\u0131lar\u0131n\u0131z varsa yard\u0131m isteyin:<\/p><ul><li>Seslerin nereden geldi\u011fini biliyor musunuz?<\/li><li>Sosyal ortamlarda kendiniz yaln\u0131z hissediyor musunuz?<\/li><li>\u0130nsanlar\u0131n s\u00f6ylediklerini hat\u0131rlamakta sorun ya\u015f\u0131yor musunuz?<\/li><li>Kalabal\u0131k toplant\u0131larda konu\u015fmalar\u0131 takip etmekte g\u00fc\u00e7l\u00fck ya\u015f\u0131yor musunuz?<\/li><\/ul>\t\t\t\t\t\t<\/div>\n\t\t\t\t<\/div>\n\t\t\t\t<section class=\"elementor-section elementor-inner-section elementor-element elementor-element-1e15d3b elementor-section-boxed elementor-section-height-default elementor-section-height-default\" data-id=\"1e15d3b\" data-element_type=\"section\">\n\t\t\t\t\t\t<div class=\"elementor-container elementor-column-gap-default\">\n\t\t\t\t\t<div class=\"elementor-column elementor-col-100 elementor-inner-column elementor-element elementor-element-04bf2d5\" data-id=\"04bf2d5\" data-element_type=\"column\">\n\t\t\t<div class=\"elementor-widget-wrap\">\n\t\t\t\t\t\t\t<\/div>\n\t\t<\/div>\n\t\t\t\t\t<\/div>\n\t\t<\/section>\n\t\t\t\t\t<\/div>\n\t\t<\/div>\n\t\t\t\t<div class=\"elementor-column elementor-col-50 elementor-top-column elementor-element elementor-element-2621547\" data-id=\"2621547\" data-element_type=\"column\">\n\t\t\t<div class=\"elementor-widget-wrap elementor-element-populated\">\n\t\t\t\t\t\t<div class=\"elementor-element elementor-element-9d36f37 elementor-widget elementor-widget-image\" data-id=\"9d36f37\" data-element_type=\"widget\" data-widget_type=\"image.default\">\n\t\t\t\t<div class=\"elementor-widget-container\">\n\t\t\t\t\t\t\t\t\t\t\t\t\t<img decoding=\"async\" width=\"750\" height=\"574\" src=\"https:\/\/www.ataduyisitme.com\/wp-content\/uploads\/2024\/08\/yetiskinlerde-isitme-kaybi-ataduy-isletme.jpg\" class=\"attachment-full size-full wp-image-9040\" alt=\"\" srcset=\"https:\/\/www.ataduyisitme.com\/wp-content\/uploads\/2024\/08\/yetiskinlerde-isitme-kaybi-ataduy-isletme.jpg 750w, https:\/\/www.ataduyisitme.com\/wp-content\/uploads\/2024\/08\/yetiskinlerde-isitme-kaybi-ataduy-isletme-300x230.jpg 300w, https:\/\/www.ataduyisitme.com\/wp-content\/uploads\/2024\/08\/yetiskinlerde-isitme-kaybi-ataduy-isletme-16x12.jpg 16w, https:\/\/www.ataduyisitme.com\/wp-content\/uploads\/2024\/08\/yetiskinlerde-isitme-kaybi-ataduy-isletme-24x18.jpg 24w, https:\/\/www.ataduyisitme.com\/wp-content\/uploads\/2024\/08\/yetiskinlerde-isitme-kaybi-ataduy-isletme-36x28.jpg 36w, https:\/\/www.ataduyisitme.com\/wp-content\/uploads\/2024\/08\/yetiskinlerde-isitme-kaybi-ataduy-isletme-48x37.jpg 48w, https:\/\/www.ataduyisitme.com\/wp-content\/uploads\/2024\/08\/yetiskinlerde-isitme-kaybi-ataduy-isletme-400x306.jpg 400w\" sizes=\"100vw\" \/>\t\t\t\t\t\t\t\t\t\t\t\t\t<\/div>\n\t\t\t\t<\/div>\n\t\t\t\t\t<\/div>\n\t\t<\/div>\n\t\t\t\t\t<\/div>\n\t\t<\/section>\n\t\t\t\t<section class=\"elementor-section elementor-top-section elementor-element elementor-element-ffd0a9d elementor-section-content-middle elementor-section-boxed elementor-section-height-default elementor-section-height-default\" data-id=\"ffd0a9d\" data-element_type=\"section\">\n\t\t\t\t\t\t<div class=\"elementor-container elementor-column-gap-default\">\n\t\t\t\t\t<div class=\"elementor-column elementor-col-50 elementor-top-column elementor-element elementor-element-d7200c0\" data-id=\"d7200c0\" data-element_type=\"column\">\n\t\t\t<div class=\"elementor-widget-wrap elementor-element-populated\">\n\t\t\t\t\t\t<div class=\"elementor-element elementor-element-aa48930 elementor-widget elementor-widget-image\" data-id=\"aa48930\" data-element_type=\"widget\" data-widget_type=\"image.default\">\n\t\t\t\t<div class=\"elementor-widget-container\">\n\t\t\t\t\t\t\t\t\t\t\t\t\t<img decoding=\"async\" width=\"745\" height=\"574\" src=\"https:\/\/www.ataduyisitme.com\/wp-content\/uploads\/2024\/08\/ataduy-kulak-kulak-sagligi.jpg\" class=\"attachment-full size-full wp-image-9309\" alt=\"\" srcset=\"https:\/\/www.ataduyisitme.com\/wp-content\/uploads\/2024\/08\/ataduy-kulak-kulak-sagligi.jpg 745w, https:\/\/www.ataduyisitme.com\/wp-content\/uploads\/2024\/08\/ataduy-kulak-kulak-sagligi-300x231.jpg 300w, https:\/\/www.ataduyisitme.com\/wp-content\/uploads\/2024\/08\/ataduy-kulak-kulak-sagligi-16x12.jpg 16w, https:\/\/www.ataduyisitme.com\/wp-content\/uploads\/2024\/08\/ataduy-kulak-kulak-sagligi-24x18.jpg 24w, https:\/\/www.ataduyisitme.com\/wp-content\/uploads\/2024\/08\/ataduy-kulak-kulak-sagligi-36x28.jpg 36w, https:\/\/www.ataduyisitme.com\/wp-content\/uploads\/2024\/08\/ataduy-kulak-kulak-sagligi-48x37.jpg 48w, https:\/\/www.ataduyisitme.com\/wp-content\/uploads\/2024\/08\/ataduy-kulak-kulak-sagligi-400x308.jpg 400w\" sizes=\"100vw\" \/>\t\t\t\t\t\t\t\t\t\t\t\t\t<\/div>\n\t\t\t\t<\/div>\n\t\t\t\t\t<\/div>\n\t\t<\/div>\n\t\t\t\t<div class=\"elementor-column elementor-col-50 elementor-top-column elementor-element elementor-element-2bf17ca\" data-id=\"2bf17ca\" data-element_type=\"column\">\n\t\t\t<div class=\"elementor-widget-wrap elementor-element-populated\">\n\t\t\t\t\t\t<div class=\"elementor-element elementor-element-e8c2e0d elementor-widget elementor-widget-section_title\" data-id=\"e8c2e0d\" data-element_type=\"widget\" data-widget_type=\"section_title.default\">\n\t\t\t\t<div class=\"elementor-widget-container\">\n\t\t\t\t\t<div class=\"sub_title-1 section-title left\">\n\t\t\t\t\t\t\t<span class=\"title-tagline\">Ataduy \u0130\u015fitme Cihazlar\u0131<\/span>\n\t\t\t\t\t\t<h2 class=\"main-title\">Yatalak ve Raporlu Hastalar \u0130\u00e7in Evde Hizmet<\/h2>\n\t\t\t\t\t<\/div>\n\t\t\t<\/div>\n\t\t\t\t<\/div>\n\t\t\t\t<div class=\"elementor-element elementor-element-eb3c045 elementor-widget elementor-widget-text-editor\" data-id=\"eb3c045\" data-element_type=\"widget\" data-widget_type=\"text-editor.default\">\n\t\t\t\t<div class=\"elementor-widget-container\">\n\t\t\t\t\t\t\t<p>Evlerinden ayr\u0131lamayan raporlu hastalar\u0131m\u0131z i\u00e7in,<\/p><p>-Evde i\u015fitme cihaz\u0131 denemesi ve sat\u0131\u015f\u0131,<\/p><p>-Kal\u0131plar\u0131n evde al\u0131nmas\u0131,<\/p><p>-Evde\u00a0i\u015fitme cihazlar\u0131n\u0131n\u00a0ayarlanmas\u0131,<\/p><p>-Rutin kontrollerin evde yap\u0131lmas\u0131,<\/p><p>-6 ayl\u0131k pil hediyesi<\/p>\t\t\t\t\t\t<\/div>\n\t\t\t\t<\/div>\n\t\t\t\t<section class=\"elementor-section elementor-inner-section elementor-element elementor-element-1f89823 elementor-section-boxed elementor-section-height-default elementor-section-height-default\" data-id=\"1f89823\" data-element_type=\"section\">\n\t\t\t\t\t\t<div class=\"elementor-container elementor-column-gap-default\">\n\t\t\t\t\t<div class=\"elementor-column elementor-col-100 elementor-inner-column elementor-element elementor-element-09b21ff\" data-id=\"09b21ff\" data-element_type=\"column\">\n\t\t\t<div class=\"elementor-widget-wrap\">\n\t\t\t\t\t\t\t<\/div>\n\t\t<\/div>\n\t\t\t\t\t<\/div>\n\t\t<\/section>\n\t\t\t\t\t<\/div>\n\t\t<\/div>\n\t\t\t\t\t<\/div>\n\t\t<\/section>\n\t\t<div class=\"elementor-element elementor-element-d15f1f5 elementor-hidden-desktop elementor-hidden-tablet elementor-hidden-mobile e-flex e-con-boxed e-con e-parent\" data-id=\"d15f1f5\" data-element_type=\"container\">\n\t\t\t\t\t<div class=\"e-con-inner\">\n\t\t\t\t<div class=\"elementor-element elementor-element-3248be4 elementor-widget elementor-widget-section_title\" data-id=\"3248be4\" data-element_type=\"widget\" data-widget_type=\"section_title.default\">\n\t\t\t\t<div class=\"elementor-widget-container\">\n\t\t\t\t\t<div class=\"sub_title-1 section-title left\">\n\t\t\t\t\t\t\t<span class=\"title-tagline\">Ataduy \u0130\u015fitme Cihazlar\u0131<\/span>\n\t\t\t\t\t\t<h2 class=\"main-title\">SGK \u00d6demesi<\/h2>\n\t\t\t\t\t<\/div>\n\t\t\t<\/div>\n\t\t\t\t<\/div>\n\t\t\t\t<div class=\"elementor-element elementor-element-69e8ce2 elementor-widget elementor-widget-image\" data-id=\"69e8ce2\" data-element_type=\"widget\" data-widget_type=\"image.default\">\n\t\t\t\t<div class=\"elementor-widget-container\">\n\t\t\t\t\t\t\t\t\t\t\t\t\t<img loading=\"lazy\" decoding=\"async\" width=\"525\" height=\"525\" src=\"https:\/\/www.ataduyisitme.com\/wp-content\/uploads\/2024\/08\/ape1-600x600-1.jpg\" class=\"attachment-large size-large wp-image-8932\" alt=\"\" sizes=\"100vw\" \/>\t\t\t\t\t\t\t\t\t\t\t\t\t<\/div>\n\t\t\t\t<\/div>\n\t\t\t\t\t<\/div>\n\t\t\t\t<\/div>\n\t\t\t\t<section class=\"elementor-section elementor-top-section elementor-element elementor-element-74277555 elementor-section-boxed elementor-section-height-default elementor-section-height-default\" data-id=\"74277555\" data-element_type=\"section\">\n\t\t\t\t\t\t<div class=\"elementor-container elementor-column-gap-default\">\n\t\t\t\t\t<div class=\"elementor-column elementor-col-100 elementor-top-column elementor-element elementor-element-9b4f6cf\" data-id=\"9b4f6cf\" data-element_type=\"column\">\n\t\t\t<div class=\"elementor-widget-wrap elementor-element-populated\">\n\t\t\t\t\t\t<div class=\"elementor-element elementor-element-656c4713 elementor-widget elementor-widget-finix_video\" data-id=\"656c4713\" data-element_type=\"widget\" data-widget_type=\"finix_video.default\">\n\t\t\t\t<div class=\"elementor-widget-container\">\n\t\t\t\t\t<div class=\"video-box\">\n\t\t\t\t\t\t\t<div class=\"video-img\"><img decoding=\"async\" src=\"https:\/\/www.ataduyisitme.com\/wp-content\/uploads\/2024\/08\/ataduy-isitme-vide0-isitme-sagligi.jpg\" title=\"ataduy-isitme-vide0-isitme-sagligi\" alt=\"ataduy-isitme-vide0-isitme-sagligi\" loading=\"lazy\" \/><\/div>\n\t\t\t\t\t\t<div class=\"style-flat title-bottom video-image pulse-effect-active\">\n\t\t\t\t<a href=\"https:\/\/www.youtube.com\/watch?v=zrPmpnfaqio\" class=\"video-button popup-vimeo\" title=\"Video\" target=\"_blank\" rel=\"noopener\">\n\t\t\t\t\t<i class=\"ion ion-play\"><\/i>\t\t\t\t<\/a>\n\t\t\t\t\t\t\t\t\t<span class=\"video-text\"><\/span>\n\t\t\t\t\t\t\t<\/div>\n\t\t<\/div>\n\t\t\t\t<\/div>\n\t\t\t\t<\/div>\n\t\t\t\t\t<\/div>\n\t\t<\/div>\n\t\t\t\t\t<\/div>\n\t\t<\/section>\n\t\t\t\t<section class=\"elementor-section elementor-top-section elementor-element elementor-element-3150a01c elementor-section-boxed elementor-section-height-default elementor-section-height-default\" data-id=\"3150a01c\" data-element_type=\"section\" data-settings=\"{&quot;background_background&quot;:&quot;gradient&quot;}\">\n\t\t\t\t\t\t\t<div class=\"elementor-background-overlay\"><\/div>\n\t\t\t\t\t\t\t<div class=\"elementor-container elementor-column-gap-default\">\n\t\t\t\t\t<div class=\"elementor-column elementor-col-50 elementor-top-column elementor-element elementor-element-40706e5a\" data-id=\"40706e5a\" data-element_type=\"column\">\n\t\t\t<div class=\"elementor-widget-wrap elementor-element-populated\">\n\t\t\t\t\t<div class=\"elementor-background-overlay\"><\/div>\n\t\t\t\t\t\t<div class=\"elementor-element elementor-element-3c0d17a5 elementor-widget elementor-widget-section_title\" data-id=\"3c0d17a5\" data-element_type=\"widget\" data-widget_type=\"section_title.default\">\n\t\t\t\t<div class=\"elementor-widget-container\">\n\t\t\t\t\t<div class=\"sub_title-1 section-title left\">\n\t\t\t\t\t\t\t<span class=\"title-tagline\">Ataduy \u0130\u015fitme Cihazlar\u0131<\/span>\n\t\t\t\t\t\t<h2 class=\"main-title\">\u0130\u015fitme Sa\u011fl\u0131\u011f\u0131nda Yenilik\u00e7i \u00c7\u00f6z\u00fcmler<\/h2>\n\t\t\t\t\t<\/div>\n\t\t\t<\/div>\n\t\t\t\t<\/div>\n\t\t\t\t<div class=\"elementor-element elementor-element-137648ab elementor-widget elementor-widget-finix_button\" data-id=\"137648ab\" data-element_type=\"widget\" data-widget_type=\"finix_button.default\">\n\t\t\t\t<div class=\"elementor-widget-container\">\n\t\t\t\t\t<div class=\"button-wrapper\">\n\t\t\t<a href=\"#\" class=\"btn-default default-theme btn-icon style-default hover-default\">\n\t\t\t\t\t\t<span class=\"finix-button-inner\">\n\t\t\t\t\t\t<span class=\"finix-button-icon finix-align-icon-right\">\n\t\t\t\t<i aria-hidden=\"true\" class=\"ti ti-arrow-right\"><\/i>\t\t\t<\/span>\n\t\t\t\t\t\t<span class=\"finix-button-text\">Our Products<\/span>\n\t\t<\/span>\n\t\t\t\t\t<\/a>\n\t\t<\/div>\n\t\t\t<\/div>\n\t\t\t\t<\/div>\n\t\t\t\t\t<\/div>\n\t\t<\/div>\n\t\t\t\t<div class=\"elementor-column elementor-col-50 elementor-top-column elementor-element elementor-element-3ede66c4\" data-id=\"3ede66c4\" data-element_type=\"column\">\n\t\t\t<div class=\"elementor-widget-wrap elementor-element-populated\">\n\t\t\t\t\t<div class=\"elementor-background-overlay\"><\/div>\n\t\t\t\t\t\t<section class=\"elementor-section elementor-inner-section elementor-element elementor-element-228ec901 elementor-section-boxed elementor-section-height-default elementor-section-height-default\" data-id=\"228ec901\" data-element_type=\"section\">\n\t\t\t\t\t\t<div class=\"elementor-container elementor-column-gap-default\">\n\t\t\t\t\t<div class=\"elementor-column elementor-col-33 elementor-inner-column elementor-element elementor-element-36c2f600\" data-id=\"36c2f600\" data-element_type=\"column\">\n\t\t\t<div class=\"elementor-widget-wrap elementor-element-populated\">\n\t\t\t\t\t\t<div class=\"elementor-element elementor-element-54e338c3 finix-align-text-center elementor-widget elementor-widget-rounded-skill\" data-id=\"54e338c3\" data-element_type=\"widget\" data-widget_type=\"rounded-skill.default\">\n\t\t\t\t<div class=\"elementor-widget-container\">\n\t\t\t\t\t<div class=\"skill-fuature skill-top text-center\">\n\t\t\t<div class=\"skill-inner\">\n\t\t\t\t<div class=\"rounded-skill\" data-percent=\"100\" data-trackcolor=\"#2121213D\" data-color=\"#FFFFFF\" data-width=\"7\" data-cap=\"square\" data-speed=\"3000\" data-size=\"130\">\n\t\t\t\t<div class=\"counter\"><span class=\"timer\" data-speed=\"3000\" data-to=\"100\">100<\/span>%<\/div>\n\t\t\t\t<\/div>\n\t\t\t<\/div>\n\t\t\t\t\t\t<div class=\"fuature-inner\">\n\t\t\t\t<div class=\"feature-box\">\n\t\t\t\t<div class=\"feature-info\">\n\t\t\t\t\t\t\t\t\t\t\t<h6 class=\"title\">G\u00fcvene Dayal\u0131<\/h6>\n\t\t\t\t\t\t\t\t\t\t\t<p>\u015eeffaf ileti\u015fime \u00f6nem veriyoruz<\/p>\n\t\t\t\t\t\t\t\t\t<\/div>\n\t\t\t\t<\/div>\n\t\t\t<\/div>\n\t\t\t\t\t<\/div>\n\t\t\t\t<\/div>\n\t\t\t\t<\/div>\n\t\t\t\t\t<\/div>\n\t\t<\/div>\n\t\t\t\t<div class=\"elementor-column elementor-col-33 elementor-inner-column elementor-element elementor-element-2541cf7\" data-id=\"2541cf7\" data-element_type=\"column\">\n\t\t\t<div class=\"elementor-widget-wrap elementor-element-populated\">\n\t\t\t\t\t\t<div class=\"elementor-element elementor-element-6957f23 finix-align-text-center elementor-widget elementor-widget-rounded-skill\" data-id=\"6957f23\" data-element_type=\"widget\" data-widget_type=\"rounded-skill.default\">\n\t\t\t\t<div class=\"elementor-widget-container\">\n\t\t\t\t\t<div class=\"skill-fuature skill-top text-center\">\n\t\t\t<div class=\"skill-inner\">\n\t\t\t\t<div class=\"rounded-skill\" data-percent=\"100\" data-trackcolor=\"#2121213D\" data-color=\"#FFFFFF\" data-width=\"7\" data-cap=\"square\" data-speed=\"3000\" data-size=\"130\">\n\t\t\t\t<div class=\"counter\"><span class=\"timer\" data-speed=\"3000\" data-to=\"100\">100<\/span>%<\/div>\n\t\t\t\t<\/div>\n\t\t\t<\/div>\n\t\t\t\t\t\t<div class=\"fuature-inner\">\n\t\t\t\t<div class=\"feature-box\">\n\t\t\t\t<div class=\"feature-info\">\n\t\t\t\t\t\t\t\t\t\t\t<h6 class=\"title\">Kalite<\/h6>\n\t\t\t\t\t\t\t\t\t\t\t<p>\u00dcr\u00fcnlerimizin kalitesinden eminiz<\/p>\n\t\t\t\t\t\t\t\t\t<\/div>\n\t\t\t\t<\/div>\n\t\t\t<\/div>\n\t\t\t\t\t<\/div>\n\t\t\t\t<\/div>\n\t\t\t\t<\/div>\n\t\t\t\t\t<\/div>\n\t\t<\/div>\n\t\t\t\t<div class=\"elementor-column elementor-col-33 elementor-inner-column elementor-element elementor-element-52a6815e\" data-id=\"52a6815e\" data-element_type=\"column\">\n\t\t\t<div class=\"elementor-widget-wrap elementor-element-populated\">\n\t\t\t\t\t\t<div class=\"elementor-element elementor-element-367239f6 finix-align-text-center elementor-widget elementor-widget-rounded-skill\" data-id=\"367239f6\" data-element_type=\"widget\" data-widget_type=\"rounded-skill.default\">\n\t\t\t\t<div class=\"elementor-widget-container\">\n\t\t\t\t\t<div class=\"skill-fuature skill-top text-center\">\n\t\t\t<div class=\"skill-inner\">\n\t\t\t\t<div class=\"rounded-skill\" data-percent=\"100\" data-trackcolor=\"#2121213D\" data-color=\"#FFFFFF\" data-width=\"7\" data-cap=\"square\" data-speed=\"3000\" data-size=\"130\">\n\t\t\t\t<div class=\"counter\"><span class=\"timer\" data-speed=\"3000\" data-to=\"100\">100<\/span>%<\/div>\n\t\t\t\t<\/div>\n\t\t\t<\/div>\n\t\t\t\t\t\t<div class=\"fuature-inner\">\n\t\t\t\t<div class=\"feature-box\">\n\t\t\t\t<div class=\"feature-info\">\n\t\t\t\t\t\t\t\t\t\t\t<h6 class=\"title\">\u00c7\u00f6z\u00fcm Odakl\u0131<\/h6>\n\t\t\t\t\t\t\t\t\t\t\t<p>Sorununuz her neyse birlikte \u00e7\u00f6zeriz<\/p>\n\t\t\t\t\t\t\t\t\t<\/div>\n\t\t\t\t<\/div>\n\t\t\t<\/div>\n\t\t\t\t\t<\/div>\n\t\t\t\t<\/div>\n\t\t\t\t<\/div>\n\t\t\t\t\t<\/div>\n\t\t<\/div>\n\t\t\t\t\t<\/div>\n\t\t<\/section>\n\t\t\t\t\t<\/div>\n\t\t<\/div>\n\t\t\t\t\t<\/div>\n\t\t<\/section>\n\t\t\t\t<\/div>","protected":false},"excerpt":{"rendered":"<p>Ataduy \u0130\u015fitme Cihazlar\u0131 T\u00fcrkiye\u2019de be\u015f yeti\u015fkinden\u00a0birinde i\u015fitme kayb\u0131 var. \u0130\u015fitme kayb\u0131 depresyona, bili\u015fsel bozulmaya ve demansa yol a\u00e7abilir. Bu nedenle i\u015fitme kayb\u0131nda erken te\u015fhis ve cihaz kullanmak \u00f6nemlidir. Ne kadar erken harekete ge\u00e7erseniz, i\u015fitme kayb\u0131n\u0131n olumsuz etkilerinin olu\u015fmas\u0131n\u0131 o kadar erken durdurursunuz \u2013 ve i\u015fitme sa\u011fl\u0131\u011f\u0131n\u0131z\u0131 o kadar erken iyile\u015ftirir, zihinsel netli\u011finizi ve kendinize g\u00fcveninizi [&hellip;]<\/p>","protected":false},"author":1,"featured_media":0,"parent":0,"menu_order":0,"comment_status":"closed","ping_status":"closed","template":"elementor_header_footer","meta":{"_acf_changed":false,"footnotes":""},"class_list":["post-8289","page","type-page","status-publish","hentry"],"acf":[],"_links":{"self":[{"href":"https:\/\/www.ataduyisitme.com\/en\/wp-json\/wp\/v2\/pages\/8289","targetHints":{"allow":["GET"]}}],"collection":[{"href":"https:\/\/www.ataduyisitme.com\/en\/wp-json\/wp\/v2\/pages"}],"about":[{"href":"https:\/\/www.ataduyisitme.com\/en\/wp-json\/wp\/v2\/types\/page"}],"author":[{"embeddable":true,"href":"https:\/\/www.ataduyisitme.com\/en\/wp-json\/wp\/v2\/users\/1"}],"replies":[{"embeddable":true,"href":"https:\/\/www.ataduyisitme.com\/en\/wp-json\/wp\/v2\/comments?post=8289"}],"version-history":[{"count":44,"href":"https:\/\/www.ataduyisitme.com\/en\/wp-json\/wp\/v2\/pages\/8289\/revisions"}],"predecessor-version":[{"id":9318,"href":"https:\/\/www.ataduyisitme.com\/en\/wp-json\/wp\/v2\/pages\/8289\/revisions\/9318"}],"wp:attachment":[{"href":"https:\/\/www.ataduyisitme.com\/en\/wp-json\/wp\/v2\/media?parent=8289"}],"curies":[{"name":"wp","href":"https:\/\/api.w.org\/{rel}","templated":true}]}}