{"id":9687,"date":"2025-04-24T16:16:32","date_gmt":"2025-04-24T13:16:32","guid":{"rendered":"https:\/\/www.ataduyisitme.com\/?page_id=9687"},"modified":"2026-03-30T14:39:37","modified_gmt":"2026-03-30T11:39:37","slug":"isitme-cihazi-katki-payi","status":"publish","type":"page","link":"https:\/\/www.ataduyisitme.com\/en\/isitme-cihazi-katki-payi\/","title":{"rendered":"\u0130\u015fitme Cihaz\u0131 Katk\u0131 Pay\u0131"},"content":{"rendered":"<div data-elementor-type=\"wp-page\" data-elementor-id=\"9687\" class=\"elementor elementor-9687\" data-elementor-post-type=\"page\">\n\t\t\t\t<div class=\"elementor-element elementor-element-fc6e5ab elementor-hidden-desktop elementor-hidden-tablet elementor-hidden-mobile e-flex e-con-boxed e-con e-parent\" data-id=\"fc6e5ab\" data-element_type=\"container\">\n\t\t\t\t\t<div class=\"e-con-inner\">\n\t\t<div class=\"elementor-element elementor-element-ee79949 e-con-full e-flex e-con e-child\" data-id=\"ee79949\" data-element_type=\"container\">\n\t\t\t\t<div class=\"elementor-element elementor-element-b5b523d elementor-widget elementor-widget-image\" data-id=\"b5b523d\" data-element_type=\"widget\" data-widget_type=\"image.default\">\n\t\t\t\t<div class=\"elementor-widget-container\">\n\t\t\t\t\t\t\t\t\t\t\t\t\t<img decoding=\"async\" width=\"313\" height=\"85\" src=\"https:\/\/www.ataduyisitme.com\/wp-content\/uploads\/2024\/08\/ataduylogo-1-2.png\" class=\"attachment-large size-large wp-image-8658\" alt=\"\" srcset=\"https:\/\/www.ataduyisitme.com\/wp-content\/uploads\/2024\/08\/ataduylogo-1-2.png 313w, https:\/\/www.ataduyisitme.com\/wp-content\/uploads\/2024\/08\/ataduylogo-1-2-300x81.png 300w\" sizes=\"100vw\" \/>\t\t\t\t\t\t\t\t\t\t\t\t\t<\/div>\n\t\t\t\t<\/div>\n\t\t\t\t<div class=\"elementor-element elementor-element-58c4ebc elementor-widget elementor-widget-heading\" data-id=\"58c4ebc\" data-element_type=\"widget\" data-widget_type=\"heading.default\">\n\t\t\t\t<div class=\"elementor-widget-container\">\n\t\t\t<h2 class=\"elementor-heading-title elementor-size-default\">\u00c7al\u0131\u015fan<\/h2>\t\t<\/div>\n\t\t\t\t<\/div>\n\t\t\t\t<div class=\"elementor-element elementor-element-2bc46d9 elementor-widget elementor-widget-text-editor\" data-id=\"2bc46d9\" data-element_type=\"widget\" data-widget_type=\"text-editor.default\">\n\t\t\t\t<div class=\"elementor-widget-container\">\n\t\t\t\t\t\t\t<p>6.104,44 TL<\/p>\t\t\t\t\t\t<\/div>\n\t\t\t\t<\/div>\n\t\t\t\t<div class=\"elementor-element elementor-element-df15739 elementor-widget elementor-widget-heading\" data-id=\"df15739\" data-element_type=\"widget\" data-widget_type=\"heading.default\">\n\t\t\t\t<div class=\"elementor-widget-container\">\n\t\t\t<h2 class=\"elementor-heading-title elementor-size-default\">Emekli<\/h2>\t\t<\/div>\n\t\t\t\t<\/div>\n\t\t\t\t<div class=\"elementor-element elementor-element-1811a65 elementor-widget elementor-widget-text-editor\" data-id=\"1811a65\" data-element_type=\"widget\" data-widget_type=\"text-editor.default\">\n\t\t\t\t<div class=\"elementor-widget-container\">\n\t\t\t\t\t\t\t<p>7.630,56 TL<\/p>\t\t\t\t\t\t<\/div>\n\t\t\t\t<\/div>\n\t\t\t\t<div class=\"elementor-element elementor-element-801c0f4 elementor-widget elementor-widget-heading\" data-id=\"801c0f4\" data-element_type=\"widget\" data-widget_type=\"heading.default\">\n\t\t\t\t<div class=\"elementor-widget-container\">\n\t\t\t<h2 class=\"elementor-heading-title elementor-size-default\">0-4 Ya\u015f<\/h2>\t\t<\/div>\n\t\t\t\t<\/div>\n\t\t\t\t<\/div>\n\t\t<div class=\"elementor-element elementor-element-be92fcf e-con-full e-flex e-con e-child\" data-id=\"be92fcf\" data-element_type=\"container\">\n\t\t\t\t<div class=\"elementor-element elementor-element-2c9650a elementor-widget elementor-widget-image\" data-id=\"2c9650a\" data-element_type=\"widget\" data-widget_type=\"image.default\">\n\t\t\t\t<div class=\"elementor-widget-container\">\n\t\t\t\t\t\t\t\t\t\t\t\t\t<img decoding=\"async\" width=\"313\" height=\"85\" src=\"https:\/\/www.ataduyisitme.com\/wp-content\/uploads\/2024\/08\/ataduylogo-1-2.png\" class=\"attachment-large size-large wp-image-8658\" alt=\"\" srcset=\"https:\/\/www.ataduyisitme.com\/wp-content\/uploads\/2024\/08\/ataduylogo-1-2.png 313w, https:\/\/www.ataduyisitme.com\/wp-content\/uploads\/2024\/08\/ataduylogo-1-2-300x81.png 300w\" sizes=\"100vw\" \/>\t\t\t\t\t\t\t\t\t\t\t\t\t<\/div>\n\t\t\t\t<\/div>\n\t\t\t\t<div class=\"elementor-element elementor-element-f51100a elementor-widget elementor-widget-heading\" data-id=\"f51100a\" data-element_type=\"widget\" data-widget_type=\"heading.default\">\n\t\t\t\t<div class=\"elementor-widget-container\">\n\t\t\t<h2 class=\"elementor-heading-title elementor-size-default\">\u00c7al\u0131\u015fan<\/h2>\t\t<\/div>\n\t\t\t\t<\/div>\n\t\t\t\t<div class=\"elementor-element elementor-element-bffd419 elementor-widget elementor-widget-text-editor\" data-id=\"bffd419\" data-element_type=\"widget\" data-widget_type=\"text-editor.default\">\n\t\t\t\t<div class=\"elementor-widget-container\">\n\t\t\t\t\t\t\t<p>5.426,17 TL<\/p>\t\t\t\t\t\t<\/div>\n\t\t\t\t<\/div>\n\t\t\t\t<div class=\"elementor-element elementor-element-c6b176c elementor-widget elementor-widget-heading\" data-id=\"c6b176c\" data-element_type=\"widget\" data-widget_type=\"heading.default\">\n\t\t\t\t<div class=\"elementor-widget-container\">\n\t\t\t<h2 class=\"elementor-heading-title elementor-size-default\">Emekli<\/h2>\t\t<\/div>\n\t\t\t\t<\/div>\n\t\t\t\t<div class=\"elementor-element elementor-element-a252e9b elementor-widget elementor-widget-text-editor\" data-id=\"a252e9b\" data-element_type=\"widget\" data-widget_type=\"text-editor.default\">\n\t\t\t\t<div class=\"elementor-widget-container\">\n\t\t\t\t\t\t\t<p>6.782,72 TL<\/p>\t\t\t\t\t\t<\/div>\n\t\t\t\t<\/div>\n\t\t\t\t<div class=\"elementor-element elementor-element-ee9d204 elementor-widget elementor-widget-heading\" data-id=\"ee9d204\" data-element_type=\"widget\" data-widget_type=\"heading.default\">\n\t\t\t\t<div class=\"elementor-widget-container\">\n\t\t\t<h2 class=\"elementor-heading-title elementor-size-default\">5-12 Ya\u015f<\/h2>\t\t<\/div>\n\t\t\t\t<\/div>\n\t\t\t\t<\/div>\n\t\t<div class=\"elementor-element elementor-element-85e59bc e-con-full e-flex e-con e-child\" data-id=\"85e59bc\" data-element_type=\"container\">\n\t\t\t\t<div class=\"elementor-element elementor-element-33a73aa elementor-widget elementor-widget-image\" data-id=\"33a73aa\" data-element_type=\"widget\" data-widget_type=\"image.default\">\n\t\t\t\t<div class=\"elementor-widget-container\">\n\t\t\t\t\t\t\t\t\t\t\t\t\t<img decoding=\"async\" width=\"313\" height=\"85\" src=\"https:\/\/www.ataduyisitme.com\/wp-content\/uploads\/2024\/08\/ataduylogo-1-2.png\" class=\"attachment-large size-large wp-image-8658\" alt=\"\" srcset=\"https:\/\/www.ataduyisitme.com\/wp-content\/uploads\/2024\/08\/ataduylogo-1-2.png 313w, https:\/\/www.ataduyisitme.com\/wp-content\/uploads\/2024\/08\/ataduylogo-1-2-300x81.png 300w\" sizes=\"100vw\" \/>\t\t\t\t\t\t\t\t\t\t\t\t\t<\/div>\n\t\t\t\t<\/div>\n\t\t\t\t<div class=\"elementor-element elementor-element-345035e elementor-widget elementor-widget-heading\" data-id=\"345035e\" data-element_type=\"widget\" data-widget_type=\"heading.default\">\n\t\t\t\t<div class=\"elementor-widget-container\">\n\t\t\t<h2 class=\"elementor-heading-title elementor-size-default\">\u00c7al\u0131\u015fan<\/h2>\t\t<\/div>\n\t\t\t\t<\/div>\n\t\t\t\t<div class=\"elementor-element elementor-element-4fa8990 elementor-widget elementor-widget-text-editor\" data-id=\"4fa8990\" data-element_type=\"widget\" data-widget_type=\"text-editor.default\">\n\t\t\t\t<div class=\"elementor-widget-container\">\n\t\t\t\t\t\t\t<p>5.087,04 TL<\/p>\t\t\t\t\t\t<\/div>\n\t\t\t\t<\/div>\n\t\t\t\t<div class=\"elementor-element elementor-element-7d6098b elementor-widget elementor-widget-heading\" data-id=\"7d6098b\" data-element_type=\"widget\" data-widget_type=\"heading.default\">\n\t\t\t\t<div class=\"elementor-widget-container\">\n\t\t\t<h2 class=\"elementor-heading-title elementor-size-default\">Emekli<\/h2>\t\t<\/div>\n\t\t\t\t<\/div>\n\t\t\t\t<div class=\"elementor-element elementor-element-4558697 elementor-widget elementor-widget-text-editor\" data-id=\"4558697\" data-element_type=\"widget\" data-widget_type=\"text-editor.default\">\n\t\t\t\t<div class=\"elementor-widget-container\">\n\t\t\t\t\t\t\t<p>6.358,80 TL<\/p>\t\t\t\t\t\t<\/div>\n\t\t\t\t<\/div>\n\t\t\t\t<div class=\"elementor-element elementor-element-aba0342 elementor-widget elementor-widget-heading\" data-id=\"aba0342\" data-element_type=\"widget\" data-widget_type=\"heading.default\">\n\t\t\t\t<div class=\"elementor-widget-container\">\n\t\t\t<h2 class=\"elementor-heading-title elementor-size-default\">13-18 Ya\u015f<\/h2>\t\t<\/div>\n\t\t\t\t<\/div>\n\t\t\t\t<\/div>\n\t\t<div class=\"elementor-element elementor-element-9c863f4 e-con-full e-flex e-con e-child\" data-id=\"9c863f4\" data-element_type=\"container\">\n\t\t\t\t<div class=\"elementor-element elementor-element-4d0b6e9 elementor-widget elementor-widget-image\" data-id=\"4d0b6e9\" data-element_type=\"widget\" data-widget_type=\"image.default\">\n\t\t\t\t<div class=\"elementor-widget-container\">\n\t\t\t\t\t\t\t\t\t\t\t\t\t<img decoding=\"async\" width=\"313\" height=\"85\" src=\"https:\/\/www.ataduyisitme.com\/wp-content\/uploads\/2024\/08\/ataduylogo-1-2.png\" class=\"attachment-large size-large wp-image-8658\" alt=\"\" srcset=\"https:\/\/www.ataduyisitme.com\/wp-content\/uploads\/2024\/08\/ataduylogo-1-2.png 313w, https:\/\/www.ataduyisitme.com\/wp-content\/uploads\/2024\/08\/ataduylogo-1-2-300x81.png 300w\" sizes=\"100vw\" \/>\t\t\t\t\t\t\t\t\t\t\t\t\t<\/div>\n\t\t\t\t<\/div>\n\t\t\t\t<div class=\"elementor-element elementor-element-7735b6c elementor-widget elementor-widget-heading\" data-id=\"7735b6c\" data-element_type=\"widget\" data-widget_type=\"heading.default\">\n\t\t\t\t<div class=\"elementor-widget-container\">\n\t\t\t<h2 class=\"elementor-heading-title elementor-size-default\">\u00c7al\u0131\u015fan<\/h2>\t\t<\/div>\n\t\t\t\t<\/div>\n\t\t\t\t<div class=\"elementor-element elementor-element-bb5688a elementor-widget elementor-widget-text-editor\" data-id=\"bb5688a\" data-element_type=\"widget\" data-widget_type=\"text-editor.default\">\n\t\t\t\t<div class=\"elementor-widget-container\">\n\t\t\t\t\t\t\t<p>3.391,36 TL<\/p>\t\t\t\t\t\t<\/div>\n\t\t\t\t<\/div>\n\t\t\t\t<div class=\"elementor-element elementor-element-6280477 elementor-widget elementor-widget-heading\" data-id=\"6280477\" data-element_type=\"widget\" data-widget_type=\"heading.default\">\n\t\t\t\t<div class=\"elementor-widget-container\">\n\t\t\t<h2 class=\"elementor-heading-title elementor-size-default\">Emekli<\/h2>\t\t<\/div>\n\t\t\t\t<\/div>\n\t\t\t\t<div class=\"elementor-element elementor-element-1400a9d elementor-widget elementor-widget-text-editor\" data-id=\"1400a9d\" data-element_type=\"widget\" data-widget_type=\"text-editor.default\">\n\t\t\t\t<div class=\"elementor-widget-container\">\n\t\t\t\t\t\t\t<p>4.239,20 TL<\/p>\t\t\t\t\t\t<\/div>\n\t\t\t\t<\/div>\n\t\t\t\t<div class=\"elementor-element elementor-element-e2dbbcf elementor-widget elementor-widget-heading\" data-id=\"e2dbbcf\" data-element_type=\"widget\" data-widget_type=\"heading.default\">\n\t\t\t\t<div class=\"elementor-widget-container\">\n\t\t\t<h2 class=\"elementor-heading-title elementor-size-default\">18+ Ya\u015f<\/h2>\t\t<\/div>\n\t\t\t\t<\/div>\n\t\t\t\t<\/div>\n\t\t\t\t\t<\/div>\n\t\t\t\t<\/div>\n\t\t<div class=\"elementor-element elementor-element-2e29730 e-flex e-con-boxed e-con e-parent\" data-id=\"2e29730\" data-element_type=\"container\">\n\t\t\t\t\t<div class=\"e-con-inner\">\n\t\t\t\t<div class=\"elementor-element elementor-element-a4f003a elementor-widget elementor-widget-image\" data-id=\"a4f003a\" data-element_type=\"widget\" data-widget_type=\"image.default\">\n\t\t\t\t<div class=\"elementor-widget-container\">\n\t\t\t\t\t\t\t\t\t\t\t\t\t<img decoding=\"async\" src=\"https:\/\/www.ataduyisitme.com\/wp-content\/uploads\/elementor\/thumbs\/ataduySGK-WEB-1-rl9nwngx4b6fn8loswkwtasfibiqknrddldh9x3or4.png\" title=\"ataduySGK-WEB (1)\" alt=\"ataduySGK-WEB (1)\" loading=\"lazy\" \/>\t\t\t\t\t\t\t\t\t\t\t\t\t<\/div>\n\t\t\t\t<\/div>\n\t\t\t\t\t<\/div>\n\t\t\t\t<\/div>\n\t\t\t\t<\/div>","protected":false},"excerpt":{"rendered":"<p>\u00c7al\u0131\u015fan 6.104,44 TL Emekli 7.630,56 TL 0-4 Ya\u015f \u00c7al\u0131\u015fan 5.426,17 TL Emekli 6.782,72 TL 5-12 Ya\u015f \u00c7al\u0131\u015fan 5.087,04 TL Emekli 6.358,80 TL 13-18 Ya\u015f \u00c7al\u0131\u015fan 3.391,36 TL Emekli 4.239,20 TL 18+ Ya\u015f<\/p>","protected":false},"author":1,"featured_media":0,"parent":0,"menu_order":0,"comment_status":"closed","ping_status":"closed","template":"elementor_header_footer","meta":{"_acf_changed":false,"footnotes":""},"class_list":["post-9687","page","type-page","status-publish","hentry"],"acf":[],"_links":{"self":[{"href":"https:\/\/www.ataduyisitme.com\/en\/wp-json\/wp\/v2\/pages\/9687","targetHints":{"allow":["GET"]}}],"collection":[{"href":"https:\/\/www.ataduyisitme.com\/en\/wp-json\/wp\/v2\/pages"}],"about":[{"href":"https:\/\/www.ataduyisitme.com\/en\/wp-json\/wp\/v2\/types\/page"}],"author":[{"embeddable":true,"href":"https:\/\/www.ataduyisitme.com\/en\/wp-json\/wp\/v2\/users\/1"}],"replies":[{"embeddable":true,"href":"https:\/\/www.ataduyisitme.com\/en\/wp-json\/wp\/v2\/comments?post=9687"}],"version-history":[{"count":190,"href":"https:\/\/www.ataduyisitme.com\/en\/wp-json\/wp\/v2\/pages\/9687\/revisions"}],"predecessor-version":[{"id":10459,"href":"https:\/\/www.ataduyisitme.com\/en\/wp-json\/wp\/v2\/pages\/9687\/revisions\/10459"}],"wp:attachment":[{"href":"https:\/\/www.ataduyisitme.com\/en\/wp-json\/wp\/v2\/media?parent=9687"}],"curies":[{"name":"wp","href":"https:\/\/api.w.org\/{rel}","templated":true}]}}