{"id":9919,"date":"2025-08-07T17:00:47","date_gmt":"2025-08-07T14:00:47","guid":{"rendered":"https:\/\/www.ataduyisitme.com\/?page_id=9919"},"modified":"2025-08-07T17:29:53","modified_gmt":"2025-08-07T14:29:53","slug":"kariyer","status":"publish","type":"page","link":"https:\/\/www.ataduyisitme.com\/en\/kariyer\/","title":{"rendered":"Kariyer"},"content":{"rendered":"<div data-elementor-type=\"wp-page\" data-elementor-id=\"9919\" class=\"elementor elementor-9919\" data-elementor-post-type=\"page\">\n\t\t\t\t\t\t<section class=\"elementor-section elementor-top-section elementor-element elementor-element-3e427dfc elementor-section-boxed elementor-section-height-default elementor-section-height-default\" data-id=\"3e427dfc\" data-element_type=\"section\" data-settings=\"{&quot;background_background&quot;:&quot;classic&quot;}\">\n\t\t\t\t\t\t<div class=\"elementor-container elementor-column-gap-default\">\n\t\t\t\t\t<div class=\"elementor-column elementor-col-50 elementor-top-column elementor-element elementor-element-1b9e09d8\" data-id=\"1b9e09d8\" data-element_type=\"column\" data-settings=\"{&quot;background_background&quot;:&quot;classic&quot;}\">\n\t\t\t<div class=\"elementor-widget-wrap elementor-element-populated\">\n\t\t\t\t\t\t<div class=\"elementor-element elementor-element-14596eb7 elementor-widget elementor-widget-section_title\" data-id=\"14596eb7\" data-element_type=\"widget\" data-widget_type=\"section_title.default\">\n\t\t\t\t<div class=\"elementor-widget-container\">\n\t\t\t\t\t<div class=\"sub_title-1 section-title text-left\">\n\t\t\t\t\t\t\t<span class=\"title-tagline\">Ataduy \u0130\u015fitme Cihazlar\u0131<\/span>\n\t\t\t\t\t\t<h4 class=\"main-title\">\u0130nsan Kaynaklar\u0131 Formu<\/h4>\n\t\t\t\t\t<\/div>\n\t\t\t<\/div>\n\t\t\t\t<\/div>\n\t\t\t\t<div class=\"elementor-element elementor-element-48ebb0a elementor-widget elementor-widget-text-editor\" data-id=\"48ebb0a\" data-element_type=\"widget\" data-widget_type=\"text-editor.default\">\n\t\t\t\t<div class=\"elementor-widget-container\">\n\t\t\t\t\t\t\t<p>Formu doldurarak bizimle ileti\u015fime ge\u00e7erek destek ve bilgi alabilirsiniz.<\/p>\t\t\t\t\t\t<\/div>\n\t\t\t\t<\/div>\n\t\t\t\t<div class=\"elementor-element elementor-element-5e2533b3 elementor-widget elementor-widget-shortcode\" data-id=\"5e2533b3\" data-element_type=\"widget\" data-widget_type=\"shortcode.default\">\n\t\t\t\t<div class=\"elementor-widget-container\">\n\t\t\t\t\t<div class=\"elementor-shortcode\">\n<div class=\"wpcf7 no-js\" id=\"wpcf7-f9926-o1\" lang=\"en-US\" dir=\"ltr\" data-wpcf7-id=\"9926\">\n<div class=\"screen-reader-response\"><p role=\"status\" aria-live=\"polite\" aria-atomic=\"true\"><\/p> <ul><\/ul><\/div>\n<form action=\"\/en\/wp-json\/wp\/v2\/pages\/9919#wpcf7-f9926-o1\" method=\"post\" class=\"wpcf7-form init\" aria-label=\"Contact form\" enctype=\"multipart\/form-data\" novalidate=\"novalidate\" data-status=\"init\" data-trp-original-action=\"\/en\/wp-json\/wp\/v2\/pages\/9919#wpcf7-f9926-o1\">\n<fieldset class=\"hidden-fields-container\"><input type=\"hidden\" name=\"_wpcf7\" value=\"9926\" \/><input type=\"hidden\" name=\"_wpcf7_version\" value=\"6.1.4\" \/><input type=\"hidden\" name=\"_wpcf7_locale\" value=\"en_US\" \/><input type=\"hidden\" name=\"_wpcf7_unit_tag\" value=\"wpcf7-f9926-o1\" \/><input type=\"hidden\" name=\"_wpcf7_container_post\" value=\"0\" \/><input type=\"hidden\" name=\"_wpcf7_posted_data_hash\" value=\"\" \/>\n<\/fieldset>\n<div class=\"row\">\n\t<div class=\"col-sm-6\">\n\t\t<p><span class=\"wpcf7-form-control-wrap\" data-name=\"your-name\"><input size=\"40\" maxlength=\"400\" class=\"wpcf7-form-control wpcf7-text wpcf7-validates-as-required form-control\" aria-required=\"true\" aria-invalid=\"false\" placeholder=\"Ad-Soyad*\" value=\"\" type=\"text\" name=\"your-name\" \/><\/span>\n\t\t<\/p>\n\t<\/div>\n\t<div class=\"col-sm-6\">\n\t\t<p><span class=\"wpcf7-form-control-wrap\" data-name=\"tel-922\"><input size=\"40\" maxlength=\"400\" class=\"wpcf7-form-control wpcf7-tel wpcf7-text wpcf7-validates-as-tel form-control\" aria-invalid=\"false\" placeholder=\"Telefon*\" value=\"\" type=\"tel\" name=\"tel-922\" \/><\/span>\n\t\t<\/p>\n\t<\/div>\n\t<div class=\"col-sm-6\">\n\t\t<p><span class=\"wpcf7-form-control-wrap\" data-name=\"your-email\"><input size=\"40\" maxlength=\"400\" class=\"wpcf7-form-control wpcf7-email wpcf7-validates-as-required wpcf7-text wpcf7-validates-as-email form-control\" aria-required=\"true\" aria-invalid=\"false\" placeholder=\"E-Posta*\" value=\"\" type=\"email\" name=\"your-email\" \/><\/span>\n\t\t<\/p>\n\t<\/div>\n\t<div class=\"col-sm-6\">\n\t\t<p><span class=\"wpcf7-form-control-wrap\" data-name=\"your-subject\"><input size=\"40\" maxlength=\"400\" class=\"wpcf7-form-control wpcf7-text form-control\" aria-invalid=\"false\" placeholder=\"Ba\u015fvurdu\u011funuz Pozisyon*\" value=\"\" type=\"text\" name=\"your-subject\" \/><\/span>\n\t\t<\/p>\n\t<\/div>\n\t<div class=\"col-sm-12\">\n\t\t<p>CV<br \/>\n<span class=\"wpcf7-form-control-wrap\" data-name=\"file-275\"><input size=\"40\" class=\"wpcf7-form-control wpcf7-file\" accept=\"image\/*\" aria-invalid=\"false\" type=\"file\" name=\"file-275\" \/><\/span>\n\t\t<\/p>\n\t\t<div class=\"col-sm-12\">\n\t\t\t<p><span class=\"wpcf7-form-control-wrap\" data-name=\"acceptance-623\"><span class=\"wpcf7-form-control wpcf7-acceptance optional\"><span class=\"wpcf7-list-item\"><label><input type=\"checkbox\" name=\"acceptance-623\" value=\"1\" aria-invalid=\"false\" \/><span class=\"wpcf7-list-item-label\">Mesaj g\u00f6nder butonuna t\u0131klayarak \u201cForm\u201d \u015fartlar\u0131m\u0131z\u0131 ve taray\u0131c\u0131da \u00e7erez kullan\u0131m\u0131na izin vermeyi kabul etmi\u015f olursunuz.<\/span><\/label><\/span><\/span><\/span>\n\t\t\t<\/p>\n\t\t<\/div>\n\t\t<div class=\"col-sm-12 mb-0\">\n\t\t\t<p><input class=\"wpcf7-form-control wpcf7-submit has-spinner\" type=\"submit\" value=\"G\u00f6nder\" \/>\n\t\t\t<\/p>\n\t\t<\/div>\n\t<\/div>\n<\/div><div class=\"wpcf7-response-output\" aria-hidden=\"true\"><\/div>\n<input type=\"hidden\" name=\"trp-form-language\" value=\"en\"\/><\/form>\n<\/div>\n<\/div>\n\t\t\t\t<\/div>\n\t\t\t\t<\/div>\n\t\t\t\t\t<\/div>\n\t\t<\/div>\n\t\t\t\t<div class=\"elementor-column elementor-col-50 elementor-top-column elementor-element elementor-element-f605c56\" data-id=\"f605c56\" data-element_type=\"column\">\n\t\t\t<div class=\"elementor-widget-wrap elementor-element-populated\">\n\t\t\t\t\t\t<div class=\"elementor-element elementor-element-5289ffe elementor-widget elementor-widget-section_title\" data-id=\"5289ffe\" data-element_type=\"widget\" data-widget_type=\"section_title.default\">\n\t\t\t\t<div class=\"elementor-widget-container\">\n\t\t\t\t\t<div class=\"sub_title-1 section-title text-left\">\n\t\t\t\t\t\t\t<span class=\"title-tagline\">Ataduy \u0130\u015fitme Cihazlar\u0131<\/span>\n\t\t\t\t\t\t<h4 class=\"main-title\">\u0130nsan Kaynaklar\u0131 Politikam\u0131z<\/h4>\n\t\t\t\t\t<\/div>\n\t\t\t<\/div>\n\t\t\t\t<\/div>\n\t\t\t\t<div class=\"elementor-element elementor-element-41a021a elementor-widget elementor-widget-text-editor\" data-id=\"41a021a\" data-element_type=\"widget\" data-widget_type=\"text-editor.default\">\n\t\t\t\t<div class=\"elementor-widget-container\">\n\t\t\t\t\t\t\t<p data-start=\"204\" data-end=\"372\">Ataduy \u0130\u015fitme Cihazlar\u0131 olarak, insanlar\u0131n hayat kalitesini art\u0131rmak i\u00e7in \u00e7al\u0131\u015f\u0131yoruz. Bunu yaparken en b\u00fcy\u00fck g\u00fcc\u00fcm\u00fcz, i\u015fini seven ve insanlara de\u011fer veren ekibimizdir.<\/p><p data-start=\"374\" data-end=\"595\">Bizimle \u00e7al\u0131\u015fmak, sadece bir i\u015f sahibi olmak de\u011fil; ayn\u0131 zamanda bir hayat\u0131 de\u011fi\u015ftirme f\u0131rsat\u0131d\u0131r. \u0130\u015fitme kayb\u0131 ya\u015fayan bireylerin d\u00fcnyayla yeniden ba\u011f kurmas\u0131na yard\u0131mc\u0131 olmak istiyorsan, seni de aram\u0131zda g\u00f6rmek isteriz.<\/p><p data-start=\"937\" data-end=\"1124\">G\u00fcncel a\u00e7\u0131k pozisyonlar\u0131m\u0131z i\u00e7in bizimle <a href=\"mailto:info@ataduyisitme.com\">info@ataduyisitme.com<\/a><br \/>adresi \u00fczerinden ileti\u015fime ge\u00e7ebilir ya da yan taraftaki ba\u015fvuru formunu doldurabilirsiniz.\u00a0<\/p><p data-start=\"937\" data-end=\"1124\">\u00a0<\/p>\t\t\t\t\t\t<\/div>\n\t\t\t\t<\/div>\n\t\t\t\t\t<\/div>\n\t\t<\/div>\n\t\t\t\t\t<\/div>\n\t\t<\/section>\n\t\t\t\t<section class=\"elementor-section elementor-top-section elementor-element elementor-element-a107422 elementor-section-stretched elementor-reverse-tablet elementor-reverse-mobile elementor-hidden-desktop elementor-hidden-tablet elementor-hidden-mobile elementor-section-boxed elementor-section-height-default elementor-section-height-default\" data-id=\"a107422\" data-element_type=\"section\" data-settings=\"{&quot;background_background&quot;:&quot;gradient&quot;,&quot;stretch_section&quot;:&quot;section-stretched&quot;}\">\n\t\t\t\t\t\t<div class=\"elementor-container elementor-column-gap-default\">\n\t\t\t\t\t<div class=\"elementor-column elementor-col-100 elementor-top-column elementor-element elementor-element-ec30988\" data-id=\"ec30988\" data-element_type=\"column\">\n\t\t\t<div class=\"elementor-widget-wrap elementor-element-populated\">\n\t\t\t\t\t\t<div class=\"elementor-element elementor-element-8c32978 elementor-widget elementor-widget-client_logo\" data-id=\"8c32978\" data-element_type=\"widget\" data-widget_type=\"client_logo.default\">\n\t\t\t\t<div class=\"elementor-widget-container\">\n\t\t\t\t\t<div class=\"client-logo-main style-default arrow-default\">\n\t\t\t\t<div class=\"swiper-container\" data-items=\"5\" data-lg-items=\"4\" data-md-items=\"3\" data-sm-items=\"3\" data-xs-items=\"2\" data-space=\"\" data-arrow=\"false\" data-bullets=\"false\" data-autoplay=\"true\" data-loop=\"true\">\n\t\t\t<div class=\"swiper-wrapper\">\n\t\t\t\t\t\t\t\t<div class=\"swiper-slide\">\n\t\t\t\t\t<div class=\"client-logo\">\n\t\t\t\t\t\t<a href=\"#\">\n\t\t\t\t\t\t\t<img decoding=\"async\" src=\"http:\/\/finix.powersquall.com\/wp-content\/uploads\/2021\/04\/brand-1-1.png\" class=\"img-fluid\" alt=\"\" \/>\n\t\t\t\t\t\t<\/a>\n\t\t\t\t\t<\/div>\n\t\t\t\t<\/div>\n\t\t\t\t\t\t\t\t<div class=\"swiper-slide\">\n\t\t\t\t\t<div class=\"client-logo\">\n\t\t\t\t\t\t<a href=\"#\">\n\t\t\t\t\t\t\t<img decoding=\"async\" src=\"http:\/\/finix.powersquall.com\/wp-content\/uploads\/2021\/04\/brand-2-1.png\" class=\"img-fluid\" alt=\"\" \/>\n\t\t\t\t\t\t<\/a>\n\t\t\t\t\t<\/div>\n\t\t\t\t<\/div>\n\t\t\t\t\t\t\t\t<div class=\"swiper-slide\">\n\t\t\t\t\t<div class=\"client-logo\">\n\t\t\t\t\t\t<a href=\"#\">\n\t\t\t\t\t\t\t<img decoding=\"async\" src=\"http:\/\/finix.powersquall.com\/wp-content\/uploads\/2021\/04\/brand-3-1.png\" class=\"img-fluid\" alt=\"\" \/>\n\t\t\t\t\t\t<\/a>\n\t\t\t\t\t<\/div>\n\t\t\t\t<\/div>\n\t\t\t\t\t\t\t\t<div class=\"swiper-slide\">\n\t\t\t\t\t<div class=\"client-logo\">\n\t\t\t\t\t\t<a href=\"#\">\n\t\t\t\t\t\t\t<img decoding=\"async\" src=\"http:\/\/finix.powersquall.com\/wp-content\/uploads\/2021\/04\/brand-4-1.png\" class=\"img-fluid\" alt=\"\" \/>\n\t\t\t\t\t\t<\/a>\n\t\t\t\t\t<\/div>\n\t\t\t\t<\/div>\n\t\t\t\t\t\t\t\t<div class=\"swiper-slide\">\n\t\t\t\t\t<div class=\"client-logo\">\n\t\t\t\t\t\t<a href=\"#\">\n\t\t\t\t\t\t\t<img decoding=\"async\" src=\"http:\/\/finix.powersquall.com\/wp-content\/uploads\/2021\/04\/brand-5-1.png\" class=\"img-fluid\" alt=\"\" \/>\n\t\t\t\t\t\t<\/a>\n\t\t\t\t\t<\/div>\n\t\t\t\t<\/div>\n\t\t\t\t\t\t\t\t<div class=\"swiper-slide\">\n\t\t\t\t\t<div class=\"client-logo\">\n\t\t\t\t\t\t<a href=\"#\">\n\t\t\t\t\t\t\t<img decoding=\"async\" src=\"http:\/\/finix.powersquall.com\/wp-content\/uploads\/2021\/04\/brand-6-1.png\" class=\"img-fluid\" alt=\"\" \/>\n\t\t\t\t\t\t<\/a>\n\t\t\t\t\t<\/div>\n\t\t\t\t<\/div>\n\t\t\t\t\t\t\t<\/div>\n\n\t\t\t<div class=\"swiper-pagination\"><\/div>\n\t\t\t<div class=\"swiper-button-next\"><i class=\"fas fa-chevron-right\"><\/i><\/div>\n\t\t\t<div class=\"swiper-button-prev\"><i class=\"fas fa-chevron-left\"><\/i><\/div>\n\n\t\t<\/div>\n\t\t\t\t\t<\/div>\n\t\t\t\t<\/div>\n\t\t\t\t<\/div>\n\t\t\t\t\t<\/div>\n\t\t<\/div>\n\t\t\t\t\t<\/div>\n\t\t<\/section>\n\t\t\t\t<\/div>","protected":false},"excerpt":{"rendered":"<p>Ataduy \u0130\u015fitme Cihazlar\u0131 \u0130nsan Kaynaklar\u0131 Formu Formu doldurarak bizimle ileti\u015fime ge\u00e7erek destek ve bilgi alabilirsiniz. Ataduy \u0130\u015fitme Cihazlar\u0131 \u0130nsan Kaynaklar\u0131 Politikam\u0131z Ataduy \u0130\u015fitme Cihazlar\u0131 olarak, insanlar\u0131n hayat kalitesini art\u0131rmak i\u00e7in \u00e7al\u0131\u015f\u0131yoruz. Bunu yaparken en b\u00fcy\u00fck g\u00fcc\u00fcm\u00fcz, i\u015fini seven ve insanlara de\u011fer veren ekibimizdir. Bizimle \u00e7al\u0131\u015fmak, sadece bir i\u015f sahibi olmak de\u011fil; ayn\u0131 zamanda bir hayat\u0131 [&hellip;]<\/p>","protected":false},"author":1,"featured_media":0,"parent":0,"menu_order":0,"comment_status":"closed","ping_status":"closed","template":"elementor_header_footer","meta":{"_acf_changed":false,"footnotes":""},"class_list":["post-9919","page","type-page","status-publish","hentry"],"acf":[],"_links":{"self":[{"href":"https:\/\/www.ataduyisitme.com\/en\/wp-json\/wp\/v2\/pages\/9919","targetHints":{"allow":["GET"]}}],"collection":[{"href":"https:\/\/www.ataduyisitme.com\/en\/wp-json\/wp\/v2\/pages"}],"about":[{"href":"https:\/\/www.ataduyisitme.com\/en\/wp-json\/wp\/v2\/types\/page"}],"author":[{"embeddable":true,"href":"https:\/\/www.ataduyisitme.com\/en\/wp-json\/wp\/v2\/users\/1"}],"replies":[{"embeddable":true,"href":"https:\/\/www.ataduyisitme.com\/en\/wp-json\/wp\/v2\/comments?post=9919"}],"version-history":[{"count":46,"href":"https:\/\/www.ataduyisitme.com\/en\/wp-json\/wp\/v2\/pages\/9919\/revisions"}],"predecessor-version":[{"id":9969,"href":"https:\/\/www.ataduyisitme.com\/en\/wp-json\/wp\/v2\/pages\/9919\/revisions\/9969"}],"wp:attachment":[{"href":"https:\/\/www.ataduyisitme.com\/en\/wp-json\/wp\/v2\/media?parent=9919"}],"curies":[{"name":"wp","href":"https:\/\/api.w.org\/{rel}","templated":true}]}}