{"id":10266,"date":"2025-10-02T07:49:53","date_gmt":"2025-10-02T04:49:53","guid":{"rendered":"https:\/\/www.ataduyisitme.com\/?post_type=product&#038;p=10266"},"modified":"2026-03-30T15:01:42","modified_gmt":"2026-03-30T12:01:42","slug":"audeo-infinio-ultra-i90-r","status":"publish","type":"product","link":"https:\/\/www.ataduyisitme.com\/en\/product\/audeo-infinio-ultra-i90-r\/","title":{"rendered":"Audeo Infinio Ultra I90-R"},"content":{"rendered":"<div>En \u00fcst d\u00fczey i\u015fitme deneyimi<\/div>\n<div><\/div>\n<div>Seviye: Premium<\/div>\n<div>Kanal: 24 kanal<\/div>\n<div>\u015earj s\u00fcresi: 31 saate kadar kullan\u0131m<\/div>\n<div><\/div>\n<div>\u00d6ne \u00e7\u0131kan \u00f6zellikler<\/div>\n<div>\u2022En geli\u015fmi\u015f ses i\u015fleme teknolojisi<\/div>\n<div>\u2022Maksimum konu\u015fma netli\u011fi<\/div>\n<div>\u2022Otomatik ve kesintisiz adaptasyon<\/div>\n<div><\/div>\n<div>Kimin i\u00e7in uygun?<\/div>\n<div>En iyi performans\u0131 isteyen ve yo\u011fun sosyal ya\u015fam\u0131 olan kullan\u0131c\u0131lar<\/div>","protected":false},"excerpt":{"rendered":"<p>Infinio Ultra serisinin en geli\u015fmi\u015f netlik ve konfor deneyimi.<br \/>\nInfinio Ultra i90, yo\u011fun sosyal ya\u015famda ve zorlu dinleme ortamlar\u0131nda daha \u00fcst d\u00fczey performans arayan kullan\u0131c\u0131lar i\u00e7in geli\u015ftirilmi\u015ftir. AutoSense OS 7.0 ve Infinio\u2019nun yapay zeka destekli ses i\u015fleme altyap\u0131s\u0131 sayesinde ses ortam\u0131na otomatik uyum sa\u011flar; APD 3.0 ise daha ilk kullan\u0131mdan itibaren do\u011fal, dengeli ve rahat bir i\u015fitme deneyimi sunar. Universal Bluetooth ile \u00e7oklu cihaz ba\u011flant\u0131s\u0131, 31 saate kadar pil s\u00fcresi ve daha kolay bak\u0131m sa\u011flayan EasyGuard yap\u0131s\u0131 premium kullan\u0131m hissini tamamlar.<\/p>","protected":false},"featured_media":10278,"template":"","meta":{"_acf_changed":false},"product_brand":[],"product_cat":[36],"product_tag":[69],"class_list":{"0":"post-10266","1":"product","2":"type-product","3":"status-publish","4":"has-post-thumbnail","6":"product_cat-phonak","7":"product_tag-ataduy","9":"first","10":"instock","11":"shipping-taxable","12":"product-type-simple"},"acf":[],"_links":{"self":[{"href":"https:\/\/www.ataduyisitme.com\/en\/wp-json\/wp\/v2\/product\/10266","targetHints":{"allow":["GET"]}}],"collection":[{"href":"https:\/\/www.ataduyisitme.com\/en\/wp-json\/wp\/v2\/product"}],"about":[{"href":"https:\/\/www.ataduyisitme.com\/en\/wp-json\/wp\/v2\/types\/product"}],"wp:featuredmedia":[{"embeddable":true,"href":"https:\/\/www.ataduyisitme.com\/en\/wp-json\/wp\/v2\/media\/10278"}],"wp:attachment":[{"href":"https:\/\/www.ataduyisitme.com\/en\/wp-json\/wp\/v2\/media?parent=10266"}],"wp:term":[{"taxonomy":"product_brand","embeddable":true,"href":"https:\/\/www.ataduyisitme.com\/en\/wp-json\/wp\/v2\/product_brand?post=10266"},{"taxonomy":"product_cat","embeddable":true,"href":"https:\/\/www.ataduyisitme.com\/en\/wp-json\/wp\/v2\/product_cat?post=10266"},{"taxonomy":"product_tag","embeddable":true,"href":"https:\/\/www.ataduyisitme.com\/en\/wp-json\/wp\/v2\/product_tag?post=10266"}],"curies":[{"name":"wp","href":"https:\/\/api.w.org\/{rel}","templated":true}]}}