{"id":10267,"date":"2025-10-02T07:50:25","date_gmt":"2025-10-02T04:50:25","guid":{"rendered":"https:\/\/www.ataduyisitme.com\/?post_type=product&#038;p=10267"},"modified":"2026-03-30T15:02:01","modified_gmt":"2026-03-30T12:02:01","slug":"audeo-infinio-ultra-i70-sphere","status":"publish","type":"product","link":"https:\/\/www.ataduyisitme.com\/en\/product\/audeo-infinio-ultra-i70-sphere\/","title":{"rendered":"Audeo Infinio Ultra I70-Sphere"},"content":{"rendered":"<div>Karma\u015f\u0131k ortamlarda g\u00fc\u00e7l\u00fc ve dengeli i\u015fitme<\/div>\n<div><\/div>\n<div>Seviye: \u00dcst Segment<\/div>\n<div>Kanal: 20 kanal<\/div>\n<div>\u015earj s\u00fcresi: 56 saate kadar kullan\u0131m*<\/div>\n<div><\/div>\n<div>\u00d6ne \u00e7\u0131kan \u00f6zellikler<\/div>\n<div>\u2022Geli\u015fmi\u015f ses i\u015fleme ile konu\u015fmalar\u0131 \u00f6n plana \u00e7\u0131kar\u0131r<\/div>\n<div>\u2022Kalabal\u0131k ortamlarda daha net ayr\u0131m sa\u011flar<\/div>\n<div>\u2022Ortama g\u00f6re otomatik ve h\u0131zl\u0131 uyum<\/div>\n<div><\/div>\n<div>Teknoloji<\/div>\n<div>\u2022Spheric Speech Clarity<\/div>\n<div>\u2022Geli\u015fmi\u015f otomatik ortam analizi<\/div>\n<div><\/div>\n<div>Kimin i\u00e7in uygun?<\/div>\n<div>Kalabal\u0131k ve hareketli ortamlarda daha net duymak isteyen kullan\u0131c\u0131lar<\/div>","protected":false},"excerpt":{"rendered":"<p>G\u00fcr\u00fclt\u00fcl\u00fc ortamlarda konu\u015fmay\u0131 daha net duymak isteyenler i\u00e7in geli\u015fmi\u015f Sphere teknolojisi.<br \/>\nInfinio Sphere Ultra i70, standart Ultra altyap\u0131s\u0131na ek olarak Spheric Speech Clarity 2.0 ile konu\u015fmay\u0131 g\u00fcr\u00fclt\u00fcden ay\u0131rmaya odaklan\u0131r. Sphere platformunda yer alan DEEPSONIC DNN \u00e7ipi, farkl\u0131 y\u00f6nlerden gelen sesleri ger\u00e7ek zamanl\u0131 i\u015fleyerek \u00f6zellikle \u00e7ok konu\u015fmac\u0131l\u0131 ortamlarda daha net bir dinleme deneyimi sunar. Buna ek olarak Bluetooth ile 8 cihaza kadar e\u015fle\u015fme, 2 aktif ba\u011flant\u0131 ve 56 saate kadar pil \u00f6mr\u00fc ile hem teknoloji hem kullan\u0131m s\u00fcresi a\u00e7\u0131s\u0131ndan g\u00fc\u00e7l\u00fc bir se\u00e7enek olu\u015fturur.<\/p>","protected":false},"featured_media":10277,"template":"","meta":{"_acf_changed":false},"product_brand":[],"product_cat":[36],"product_tag":[69],"class_list":{"0":"post-10267","1":"product","2":"type-product","3":"status-publish","4":"has-post-thumbnail","6":"product_cat-phonak","7":"product_tag-ataduy","9":"first","10":"instock","11":"shipping-taxable","12":"product-type-simple"},"acf":[],"_links":{"self":[{"href":"https:\/\/www.ataduyisitme.com\/en\/wp-json\/wp\/v2\/product\/10267","targetHints":{"allow":["GET"]}}],"collection":[{"href":"https:\/\/www.ataduyisitme.com\/en\/wp-json\/wp\/v2\/product"}],"about":[{"href":"https:\/\/www.ataduyisitme.com\/en\/wp-json\/wp\/v2\/types\/product"}],"wp:featuredmedia":[{"embeddable":true,"href":"https:\/\/www.ataduyisitme.com\/en\/wp-json\/wp\/v2\/media\/10277"}],"wp:attachment":[{"href":"https:\/\/www.ataduyisitme.com\/en\/wp-json\/wp\/v2\/media?parent=10267"}],"wp:term":[{"taxonomy":"product_brand","embeddable":true,"href":"https:\/\/www.ataduyisitme.com\/en\/wp-json\/wp\/v2\/product_brand?post=10267"},{"taxonomy":"product_cat","embeddable":true,"href":"https:\/\/www.ataduyisitme.com\/en\/wp-json\/wp\/v2\/product_cat?post=10267"},{"taxonomy":"product_tag","embeddable":true,"href":"https:\/\/www.ataduyisitme.com\/en\/wp-json\/wp\/v2\/product_tag?post=10267"}],"curies":[{"name":"wp","href":"https:\/\/api.w.org\/{rel}","templated":true}]}}