{"id":10274,"date":"2025-10-02T14:13:23","date_gmt":"2025-10-02T11:13:23","guid":{"rendered":"https:\/\/www.ataduyisitme.com\/?post_type=product&#038;p=10274"},"modified":"2025-10-03T11:53:26","modified_gmt":"2025-10-03T08:53:26","slug":"audeo-lumity-l30-r-kopya","status":"publish","type":"product","link":"https:\/\/www.ataduyisitme.com\/en\/product\/audeo-lumity-l30-r-kopya\/","title":{"rendered":"Audeo Lumity L30-R"},"content":{"rendered":"<p>Lumity L30-R, giri\u015f seviyesinde g\u00fcnl\u00fck ihtiya\u00e7lar i\u00e7in tasarlanm\u0131\u015f ekonomik bir modeldir. AutoSense OS 5.0 ortam\u0131 analiz ederek uygun dinleme modunu se\u00e7er. Temel Bluetooth\u00ae ba\u011flant\u0131s\u0131 sayesinde \u00e7a\u011fr\u0131 ve medya aktar\u0131m\u0131 m\u00fcmk\u00fcnd\u00fcr. Speech Enhancer d\u00fc\u015f\u00fck sesli konu\u015fmalar\u0131 g\u00fc\u00e7lendirirken, g\u00fcr\u00fclt\u00fc azaltma \u00f6zelli\u011fi rahat bir i\u015fitme deneyimi sunar.<\/p>","protected":false},"excerpt":{"rendered":"<p>\u00d6zellikler<\/p>\n<ul>\n<li>12 kanal \/ bant<\/li>\n<li>PRISM \u00e7ip + APD 2.0<\/li>\n<li>AutoSense OS 5.0<\/li>\n<li>Bluetooth\u00ae ba\u011flant\u0131 (temel seviye)<\/li>\n<li>\u015earj edilebilir batarya<\/li>\n<li>Speech Enhancer (temel), temel g\u00fcr\u00fclt\u00fc azaltma<\/li>\n<li>Telefon aramalar\u0131 ve medya aktar\u0131m\u0131<\/li>\n<\/ul>","protected":false},"featured_media":10292,"template":"","meta":{"_acf_changed":false},"product_brand":[],"product_cat":[36],"product_tag":[69],"class_list":{"0":"post-10274","1":"product","2":"type-product","3":"status-publish","4":"has-post-thumbnail","6":"product_cat-phonak","7":"product_tag-ataduy","9":"first","10":"instock","11":"shipping-taxable","12":"product-type-simple"},"acf":[],"_links":{"self":[{"href":"https:\/\/www.ataduyisitme.com\/en\/wp-json\/wp\/v2\/product\/10274","targetHints":{"allow":["GET"]}}],"collection":[{"href":"https:\/\/www.ataduyisitme.com\/en\/wp-json\/wp\/v2\/product"}],"about":[{"href":"https:\/\/www.ataduyisitme.com\/en\/wp-json\/wp\/v2\/types\/product"}],"wp:featuredmedia":[{"embeddable":true,"href":"https:\/\/www.ataduyisitme.com\/en\/wp-json\/wp\/v2\/media\/10292"}],"wp:attachment":[{"href":"https:\/\/www.ataduyisitme.com\/en\/wp-json\/wp\/v2\/media?parent=10274"}],"wp:term":[{"taxonomy":"product_brand","embeddable":true,"href":"https:\/\/www.ataduyisitme.com\/en\/wp-json\/wp\/v2\/product_brand?post=10274"},{"taxonomy":"product_cat","embeddable":true,"href":"https:\/\/www.ataduyisitme.com\/en\/wp-json\/wp\/v2\/product_cat?post=10274"},{"taxonomy":"product_tag","embeddable":true,"href":"https:\/\/www.ataduyisitme.com\/en\/wp-json\/wp\/v2\/product_tag?post=10274"}],"curies":[{"name":"wp","href":"https:\/\/api.w.org\/{rel}","templated":true}]}}