{"id":10282,"date":"2025-10-03T11:42:24","date_gmt":"2025-10-03T08:42:24","guid":{"rendered":"https:\/\/www.ataduyisitme.com\/?post_type=product&#038;p=10282"},"modified":"2025-10-03T11:49:11","modified_gmt":"2025-10-03T08:49:11","slug":"audeo-lumity-l50-r","status":"publish","type":"product","link":"https:\/\/www.ataduyisitme.com\/en\/product\/audeo-lumity-l50-r\/","title":{"rendered":"Audeo Lumity L50-R"},"content":{"rendered":"<p>Lumity L50-R, orta seviye kullan\u0131c\u0131lar i\u00e7in dengeli performans sunar. AutoSense OS 5.0 ortam\u0131 otomatik analiz eder, StereoZoom s\u0131n\u0131rl\u0131 s\u00fcr\u00fcm\u00fc g\u00fcr\u00fclt\u00fcl\u00fc ortamlarda odaklanmay\u0131 kolayla\u015ft\u0131r\u0131r. Speech Enhancer ve Dynamic Noise Cancellation konu\u015fmalar\u0131 daha anla\u015f\u0131l\u0131r k\u0131lar. Bluetooth\u00ae ba\u011flant\u0131 ve myPhonak uygulamas\u0131yla pratik kullan\u0131m sa\u011flar.<\/p>","protected":false},"excerpt":{"rendered":"<p>\u00d6zellikler<\/p>\n<ul>\n<li>16 kanal \/ bant<\/li>\n<li>PRISM \u00e7ip + APD 2.0<\/li>\n<li>AutoSense OS 5.0<\/li>\n<li>StereoZoom (s\u0131n\u0131rl\u0131)<\/li>\n<li>Bluetooth\u00ae ba\u011flant\u0131<\/li>\n<li>\u015earj edilebilir batarya<\/li>\n<li>Speech Enhancer, Dynamic Noise Cancellation<\/li>\n<li>myPhonak uygulamas\u0131 deste\u011fi<\/li>\n<\/ul>","protected":false},"featured_media":10289,"template":"","meta":{"_acf_changed":false},"product_brand":[],"product_cat":[36],"product_tag":[69],"class_list":{"0":"post-10282","1":"product","2":"type-product","3":"status-publish","4":"has-post-thumbnail","6":"product_cat-phonak","7":"product_tag-ataduy","9":"first","10":"instock","11":"shipping-taxable","12":"product-type-simple"},"acf":[],"_links":{"self":[{"href":"https:\/\/www.ataduyisitme.com\/en\/wp-json\/wp\/v2\/product\/10282","targetHints":{"allow":["GET"]}}],"collection":[{"href":"https:\/\/www.ataduyisitme.com\/en\/wp-json\/wp\/v2\/product"}],"about":[{"href":"https:\/\/www.ataduyisitme.com\/en\/wp-json\/wp\/v2\/types\/product"}],"wp:featuredmedia":[{"embeddable":true,"href":"https:\/\/www.ataduyisitme.com\/en\/wp-json\/wp\/v2\/media\/10289"}],"wp:attachment":[{"href":"https:\/\/www.ataduyisitme.com\/en\/wp-json\/wp\/v2\/media?parent=10282"}],"wp:term":[{"taxonomy":"product_brand","embeddable":true,"href":"https:\/\/www.ataduyisitme.com\/en\/wp-json\/wp\/v2\/product_brand?post=10282"},{"taxonomy":"product_cat","embeddable":true,"href":"https:\/\/www.ataduyisitme.com\/en\/wp-json\/wp\/v2\/product_cat?post=10282"},{"taxonomy":"product_tag","embeddable":true,"href":"https:\/\/www.ataduyisitme.com\/en\/wp-json\/wp\/v2\/product_tag?post=10282"}],"curies":[{"name":"wp","href":"https:\/\/api.w.org\/{rel}","templated":true}]}}