{"id":10283,"date":"2025-10-03T11:43:35","date_gmt":"2025-10-03T08:43:35","guid":{"rendered":"https:\/\/www.ataduyisitme.com\/?post_type=product&#038;p=10283"},"modified":"2025-10-03T11:49:29","modified_gmt":"2025-10-03T08:49:29","slug":"audeo-lumity-l70-r","status":"publish","type":"product","link":"https:\/\/www.ataduyisitme.com\/en\/product\/audeo-lumity-l70-r\/","title":{"rendered":"Audeo Lumity L70-R"},"content":{"rendered":"<p>Lumity L70-R, ileri seviye kullan\u0131c\u0131lar i\u00e7in tasarlanm\u0131\u015f g\u00fc\u00e7l\u00fc bir modeldir. AutoSense OS 5.0 ortam ge\u00e7i\u015flerini otomatikle\u015ftirirken, StereoZoom kalabal\u0131kta odaklanmay\u0131 art\u0131r\u0131r. SpeechSensor konu\u015fmalar\u0131n y\u00f6n\u00fcn\u00fc alg\u0131lar, Motion Sensor Hearing hareket halindeyken netli\u011fi korur. Tap Control ile dokunarak kolayca arama yan\u0131tlamak m\u00fcmk\u00fcnd\u00fcr. Universal Bluetooth\u00ae ba\u011flant\u0131s\u0131 ve uygulama deste\u011fiyle \u00fcst d\u00fczey bir deneyim sunar.<\/p>","protected":false},"excerpt":{"rendered":"<p>\u00d6zellikler<\/p>\n<ul>\n<li>20 kanal \/ bant<\/li>\n<li>PRISM \u00e7ip + geli\u015fmi\u015f algoritmalar<\/li>\n<li>AutoSense OS 5.0<\/li>\n<li>StereoZoom, Speech Enhancer, SpeechSensor<\/li>\n<li>Universal Bluetooth\u00ae ba\u011flant\u0131<\/li>\n<li>\u015earj edilebilir yap\u0131<\/li>\n<li>Dynamic Noise Cancellation, Motion Sensor Hearing, Tap Control<\/li>\n<li>myPhonak uygulamas\u0131<\/li>\n<\/ul>","protected":false},"featured_media":10290,"template":"","meta":{"_acf_changed":false},"product_brand":[],"product_cat":[36],"product_tag":[69],"class_list":{"0":"post-10283","1":"product","2":"type-product","3":"status-publish","4":"has-post-thumbnail","6":"product_cat-phonak","7":"product_tag-ataduy","9":"first","10":"instock","11":"shipping-taxable","12":"product-type-simple"},"acf":[],"_links":{"self":[{"href":"https:\/\/www.ataduyisitme.com\/en\/wp-json\/wp\/v2\/product\/10283","targetHints":{"allow":["GET"]}}],"collection":[{"href":"https:\/\/www.ataduyisitme.com\/en\/wp-json\/wp\/v2\/product"}],"about":[{"href":"https:\/\/www.ataduyisitme.com\/en\/wp-json\/wp\/v2\/types\/product"}],"wp:featuredmedia":[{"embeddable":true,"href":"https:\/\/www.ataduyisitme.com\/en\/wp-json\/wp\/v2\/media\/10290"}],"wp:attachment":[{"href":"https:\/\/www.ataduyisitme.com\/en\/wp-json\/wp\/v2\/media?parent=10283"}],"wp:term":[{"taxonomy":"product_brand","embeddable":true,"href":"https:\/\/www.ataduyisitme.com\/en\/wp-json\/wp\/v2\/product_brand?post=10283"},{"taxonomy":"product_cat","embeddable":true,"href":"https:\/\/www.ataduyisitme.com\/en\/wp-json\/wp\/v2\/product_cat?post=10283"},{"taxonomy":"product_tag","embeddable":true,"href":"https:\/\/www.ataduyisitme.com\/en\/wp-json\/wp\/v2\/product_tag?post=10283"}],"curies":[{"name":"wp","href":"https:\/\/api.w.org\/{rel}","templated":true}]}}