{"id":10284,"date":"2025-10-03T11:44:04","date_gmt":"2025-10-03T08:44:04","guid":{"rendered":"https:\/\/www.ataduyisitme.com\/?post_type=product&#038;p=10284"},"modified":"2025-10-03T11:49:55","modified_gmt":"2025-10-03T08:49:55","slug":"audeo-lumity-l90-r","status":"publish","type":"product","link":"https:\/\/www.ataduyisitme.com\/en\/product\/audeo-lumity-l90-r\/","title":{"rendered":"Audeo Lumity L90-R"},"content":{"rendered":"<p>Lumity L90-R, serinin en \u00fcst modeli olarak maksimum i\u015fitme netli\u011fi sa\u011flar. AutoSense OS 5.0 ortam\u0131 analiz ederken StereoZoom 2.0 ve SpeechSensor, g\u00fcr\u00fclt\u00fcde bile konu\u015fmalar\u0131 netle\u015ftirir. Motion Sensor Hearing ve Dynamic Noise Cancellation aktif ya\u015famda konfor sunar. Tap Control dokunmatik kullan\u0131m kolayl\u0131\u011f\u0131 getirir. Universal Bluetooth\u00ae \u00e7oklu cihaz e\u015fle\u015ftirme, medya ak\u0131\u015f\u0131 ve eller serbest g\u00f6r\u00fc\u015fme imk\u00e2n\u0131 sunarken, myPhonak uygulamas\u0131 ki\u015fiselle\u015ftirilmi\u015f ayar yapmay\u0131 sa\u011flar. En \u00fcst d\u00fczey i\u015fitme deneyimi i\u00e7in tasarlanm\u0131\u015ft\u0131r.<\/p>","protected":false},"excerpt":{"rendered":"<p>\u00d6zellikler<\/p>\n<ul>\n<li>20 kanal \/ bant (premium seviye)<\/li>\n<li>PRISM \u00e7ip + en geli\u015fmi\u015f algoritmalar<\/li>\n<li>AutoSense OS 5.0<\/li>\n<li>StereoZoom 2.0, Speech Enhancer, SpeechSensor<\/li>\n<li>Universal Bluetooth\u00ae (eller serbest g\u00f6r\u00fc\u015fme, \u00e7oklu cihaz, medya ak\u0131\u015f\u0131)<\/li>\n<li>\u015earj edilebilir batarya<\/li>\n<li>Dynamic Noise Cancellation, Motion Sensor Hearing, Tap Control<\/li>\n<li>myPhonak uygulamas\u0131 \u00fczerinden ki\u015fisel ayar<\/li>\n<\/ul>","protected":false},"featured_media":10291,"template":"","meta":{"_acf_changed":false},"product_brand":[],"product_cat":[36],"product_tag":[69],"class_list":{"0":"post-10284","1":"product","2":"type-product","3":"status-publish","4":"has-post-thumbnail","6":"product_cat-phonak","7":"product_tag-ataduy","9":"first","10":"instock","11":"shipping-taxable","12":"product-type-simple"},"acf":[],"_links":{"self":[{"href":"https:\/\/www.ataduyisitme.com\/en\/wp-json\/wp\/v2\/product\/10284","targetHints":{"allow":["GET"]}}],"collection":[{"href":"https:\/\/www.ataduyisitme.com\/en\/wp-json\/wp\/v2\/product"}],"about":[{"href":"https:\/\/www.ataduyisitme.com\/en\/wp-json\/wp\/v2\/types\/product"}],"wp:featuredmedia":[{"embeddable":true,"href":"https:\/\/www.ataduyisitme.com\/en\/wp-json\/wp\/v2\/media\/10291"}],"wp:attachment":[{"href":"https:\/\/www.ataduyisitme.com\/en\/wp-json\/wp\/v2\/media?parent=10284"}],"wp:term":[{"taxonomy":"product_brand","embeddable":true,"href":"https:\/\/www.ataduyisitme.com\/en\/wp-json\/wp\/v2\/product_brand?post=10284"},{"taxonomy":"product_cat","embeddable":true,"href":"https:\/\/www.ataduyisitme.com\/en\/wp-json\/wp\/v2\/product_cat?post=10284"},{"taxonomy":"product_tag","embeddable":true,"href":"https:\/\/www.ataduyisitme.com\/en\/wp-json\/wp\/v2\/product_tag?post=10284"}],"curies":[{"name":"wp","href":"https:\/\/api.w.org\/{rel}","templated":true}]}}