{"id":8082,"date":"2021-08-24T15:57:34","date_gmt":"2021-08-24T15:57:34","guid":{"rendered":"http:\/\/finix.powersquall.com\/?post_type=product&#038;p=8082"},"modified":"2024-09-14T17:31:56","modified_gmt":"2024-09-14T14:31:56","slug":"partnermic","status":"publish","type":"product","link":"https:\/\/www.ataduyisitme.com\/en\/product\/partnermic\/","title":{"rendered":"PartnerMic"},"content":{"rendered":"<ul>\n<li>Otomatik olarak ayarlan\u0131r<\/li>\n<li>Konu\u015fmac\u0131n\u0131n a\u011fz\u0131ndan 20 cm uzakta tak\u0131lacak \u015fekilde optimize edilmi\u015ftir ve pozisyon ne olursa olsun en iyi sinyal-g\u00fcr\u00fclt\u00fc oran\u0131n\u0131 veren \u0131\u015f\u0131n\u0131 otomatik olarak se\u00e7er.<\/li>\n<li>Uzun menzil<\/li>\n<li>Konu\u015fmac\u0131 ve dinleyici aras\u0131nda 25 metreye kadar mesafede \u00e7al\u0131\u015f\u0131r.<\/li>\n<li>Uzun pil \u00f6mr\u00fc<\/li>\n<li>6 saatlik konu\u015fma s\u00fcresiyle g\u00fcn boyunca kullan\u0131labilir ve sadece iki saatte \u015farj olur.<\/li>\n<li>Tek seferde e\u015fle\u015ftirme<\/li>\n<li>PartnerMic \u00fcr\u00fcn\u00fcn\u00fcz\u00fc i\u015fitme cihazlar\u0131n\u0131zla e\u015fle\u015ftirmek i\u00e7in sadece cihaz\u0131 a\u00e7\u0131n, ba\u011flan d\u00fc\u011fmesine t\u0131klay\u0131n ve Phonak i\u015fitme cihazlar\u0131n\u0131za yak\u0131n tutun.<\/li>\n<li>Sohbetler i\u00e7in m\u00fckemmel<\/li>\n<li>Bire bir sohbetleri kolay anla\u015f\u0131l\u0131r k\u0131lan k\u0131sa mesafelerde iyile\u015ftirilmi\u015f sinyal-g\u00fcr\u00fclt\u00fc oran\u0131n\u0131n ve orta d\u00fczey \u00e7evresel g\u00fcr\u00fclt\u00fcn\u00fcn tad\u0131n\u0131 \u00e7\u0131kar\u0131n.<\/li>\n<\/ul>","protected":false},"excerpt":{"rendered":"<ul>\n<li>Otomatik olarak ayarlan\u0131r<\/li>\n<li>Konu\u015fmac\u0131n\u0131n a\u011fz\u0131ndan 20 cm uzakta tak\u0131lacak \u015fekilde optimize edilmi\u015ftir ve pozisyon ne olursa olsun en iyi sinyal-g\u00fcr\u00fclt\u00fc oran\u0131n\u0131 veren \u0131\u015f\u0131n\u0131 otomatik olarak se\u00e7er.<\/li>\n<li>Uzun menzil<\/li>\n<li>Konu\u015fmac\u0131 ve dinleyici aras\u0131nda 25 metreye kadar mesafede \u00e7al\u0131\u015f\u0131r.<\/li>\n<li>Uzun pil \u00f6mr\u00fc<\/li>\n<li>6 saatlik konu\u015fma s\u00fcresiyle g\u00fcn boyunca kullan\u0131labilir ve sadece iki saatte \u015farj olur.<\/li>\n<li>Tek seferde e\u015fle\u015ftirme<\/li>\n<li>PartnerMic \u00fcr\u00fcn\u00fcn\u00fcz\u00fc i\u015fitme cihazlar\u0131n\u0131zla e\u015fle\u015ftirmek i\u00e7in sadece cihaz\u0131 a\u00e7\u0131n, ba\u011flan d\u00fc\u011fmesine t\u0131klay\u0131n ve Phonak i\u015fitme cihazlar\u0131n\u0131za yak\u0131n tutun.<\/li>\n<li>Sohbetler i\u00e7in m\u00fckemmel<\/li>\n<li>Bire bir sohbetleri kolay anla\u015f\u0131l\u0131r k\u0131lan k\u0131sa mesafelerde iyile\u015ftirilmi\u015f sinyal-g\u00fcr\u00fclt\u00fc oran\u0131n\u0131n ve orta d\u00fczey \u00e7evresel g\u00fcr\u00fclt\u00fcn\u00fcn tad\u0131n\u0131 \u00e7\u0131kar\u0131n.<\/li>\n<\/ul>","protected":false},"featured_media":8859,"template":"","meta":{"_acf_changed":false},"product_brand":[],"product_cat":[15],"product_tag":[69],"class_list":{"0":"post-8082","1":"product","2":"type-product","3":"status-publish","4":"has-post-thumbnail","6":"product_cat-aksesuarlar","7":"product_tag-ataduy","9":"first","10":"instock","11":"shipping-taxable","12":"product-type-simple"},"acf":[],"_links":{"self":[{"href":"https:\/\/www.ataduyisitme.com\/en\/wp-json\/wp\/v2\/product\/8082","targetHints":{"allow":["GET"]}}],"collection":[{"href":"https:\/\/www.ataduyisitme.com\/en\/wp-json\/wp\/v2\/product"}],"about":[{"href":"https:\/\/www.ataduyisitme.com\/en\/wp-json\/wp\/v2\/types\/product"}],"wp:featuredmedia":[{"embeddable":true,"href":"https:\/\/www.ataduyisitme.com\/en\/wp-json\/wp\/v2\/media\/8859"}],"wp:attachment":[{"href":"https:\/\/www.ataduyisitme.com\/en\/wp-json\/wp\/v2\/media?parent=8082"}],"wp:term":[{"taxonomy":"product_brand","embeddable":true,"href":"https:\/\/www.ataduyisitme.com\/en\/wp-json\/wp\/v2\/product_brand?post=8082"},{"taxonomy":"product_cat","embeddable":true,"href":"https:\/\/www.ataduyisitme.com\/en\/wp-json\/wp\/v2\/product_cat?post=8082"},{"taxonomy":"product_tag","embeddable":true,"href":"https:\/\/www.ataduyisitme.com\/en\/wp-json\/wp\/v2\/product_tag?post=8082"}],"curies":[{"name":"wp","href":"https:\/\/api.w.org\/{rel}","templated":true}]}}