{"id":9222,"date":"2024-08-29T11:27:13","date_gmt":"2024-08-29T08:27:13","guid":{"rendered":"https:\/\/ataduyisitme.com\/?post_type=product&#038;p=9222"},"modified":"2024-09-14T12:51:45","modified_gmt":"2024-09-14T09:51:45","slug":"stride-b-up","status":"publish","type":"product","link":"https:\/\/www.ataduyisitme.com\/en\/product\/stride-b-up\/","title":{"rendered":"STR\u0130DE B-UP"},"content":{"rendered":"<p><b>STR\u0130DE B-UP<\/b><\/p>\n<p>\u2022 675 P\u0130L<br \/>\n\u2022 BLUETOOTH BA\u011eLANTILI<br \/>\n\u2022 8 FARKLI RENKTE KAB\u0130N SE\u00c7ENE\u011e\u0130<br \/>\n\u2022 \u0130OS &amp; ANDRO\u0130D UYUMLU<br \/>\n\u2022 T\u0130NN\u0130TUS MASKELEME \u00d6ZELL\u0130KL\u0130<\/p>","protected":false},"excerpt":{"rendered":"<p>\u2022 675 P\u0130L<br \/>\n\u2022 BLUETOOTH BA\u011eLANTILI<br \/>\n\u2022 8 FARKLI RENKTE KAB\u0130N SE\u00c7ENE\u011e\u0130<br \/>\n\u2022 \u0130OS &amp; ANDRO\u0130D UYUMLU<br \/>\n\u2022 T\u0130NN\u0130TUS MASKELEME \u00d6ZELL\u0130KL\u0130<\/p>","protected":false},"featured_media":9223,"template":"","meta":{"_acf_changed":false},"product_brand":[],"product_cat":[68],"product_tag":[69],"class_list":{"0":"post-9222","1":"product","2":"type-product","3":"status-publish","4":"has-post-thumbnail","6":"product_cat-unitron","7":"product_tag-ataduy","9":"first","10":"instock","11":"shipping-taxable","12":"product-type-simple"},"acf":[],"_links":{"self":[{"href":"https:\/\/www.ataduyisitme.com\/en\/wp-json\/wp\/v2\/product\/9222","targetHints":{"allow":["GET"]}}],"collection":[{"href":"https:\/\/www.ataduyisitme.com\/en\/wp-json\/wp\/v2\/product"}],"about":[{"href":"https:\/\/www.ataduyisitme.com\/en\/wp-json\/wp\/v2\/types\/product"}],"wp:featuredmedia":[{"embeddable":true,"href":"https:\/\/www.ataduyisitme.com\/en\/wp-json\/wp\/v2\/media\/9223"}],"wp:attachment":[{"href":"https:\/\/www.ataduyisitme.com\/en\/wp-json\/wp\/v2\/media?parent=9222"}],"wp:term":[{"taxonomy":"product_brand","embeddable":true,"href":"https:\/\/www.ataduyisitme.com\/en\/wp-json\/wp\/v2\/product_brand?post=9222"},{"taxonomy":"product_cat","embeddable":true,"href":"https:\/\/www.ataduyisitme.com\/en\/wp-json\/wp\/v2\/product_cat?post=9222"},{"taxonomy":"product_tag","embeddable":true,"href":"https:\/\/www.ataduyisitme.com\/en\/wp-json\/wp\/v2\/product_tag?post=9222"}],"curies":[{"name":"wp","href":"https:\/\/api.w.org\/{rel}","templated":true}]}}