{"id":9225,"date":"2024-08-29T11:29:39","date_gmt":"2024-08-29T08:29:39","guid":{"rendered":"https:\/\/ataduyisitme.com\/?post_type=product&#038;p=9225"},"modified":"2024-09-14T12:53:15","modified_gmt":"2024-09-14T09:53:15","slug":"insera-b-312","status":"publish","type":"product","link":"https:\/\/www.ataduyisitme.com\/en\/product\/insera-b-312\/","title":{"rendered":"\u0130NSERA B-312"},"content":{"rendered":"<p><b>\u0130NSERA B-312\u00a0<\/b><\/p>\n<p>\u2022 312 P\u0130L<br \/>\n\u2022 BLUETOOTH BA\u011eLANTILI<br \/>\n\u2022 \u0130OS &amp; ANDRO\u0130D UYUMLU<br \/>\n\u2022 T\u0130NN\u0130TUS MASKELEME \u00d6ZELL\u0130KL\u0130<br \/>\n+ \u00c7\u0130FT M\u0130KROFONLU<br \/>\n+ S\u0130YAH RENK SE\u00c7ENE\u011e\u0130YLE..<\/p>","protected":false},"excerpt":{"rendered":"<p>\u2022 312 P\u0130L<br \/>\n\u2022 BLUETOOTH BA\u011eLANTILI<br \/>\n\u2022 \u0130OS &amp; ANDRO\u0130D UYUMLU<br \/>\n\u2022 T\u0130NN\u0130TUS MASKELEME \u00d6ZELL\u0130KL\u0130<br \/>\n+ \u00c7\u0130FT M\u0130KROFONLU<br \/>\n+ S\u0130YAH RENK SE\u00c7ENE\u011e\u0130YLE..<\/p>","protected":false},"featured_media":9226,"template":"","meta":{"_acf_changed":false},"product_brand":[],"product_cat":[68],"product_tag":[69],"class_list":{"0":"post-9225","1":"product","2":"type-product","3":"status-publish","4":"has-post-thumbnail","6":"product_cat-unitron","7":"product_tag-ataduy","9":"first","10":"instock","11":"shipping-taxable","12":"product-type-simple"},"acf":[],"_links":{"self":[{"href":"https:\/\/www.ataduyisitme.com\/en\/wp-json\/wp\/v2\/product\/9225","targetHints":{"allow":["GET"]}}],"collection":[{"href":"https:\/\/www.ataduyisitme.com\/en\/wp-json\/wp\/v2\/product"}],"about":[{"href":"https:\/\/www.ataduyisitme.com\/en\/wp-json\/wp\/v2\/types\/product"}],"wp:featuredmedia":[{"embeddable":true,"href":"https:\/\/www.ataduyisitme.com\/en\/wp-json\/wp\/v2\/media\/9226"}],"wp:attachment":[{"href":"https:\/\/www.ataduyisitme.com\/en\/wp-json\/wp\/v2\/media?parent=9225"}],"wp:term":[{"taxonomy":"product_brand","embeddable":true,"href":"https:\/\/www.ataduyisitme.com\/en\/wp-json\/wp\/v2\/product_brand?post=9225"},{"taxonomy":"product_cat","embeddable":true,"href":"https:\/\/www.ataduyisitme.com\/en\/wp-json\/wp\/v2\/product_cat?post=9225"},{"taxonomy":"product_tag","embeddable":true,"href":"https:\/\/www.ataduyisitme.com\/en\/wp-json\/wp\/v2\/product_tag?post=9225"}],"curies":[{"name":"wp","href":"https:\/\/api.w.org\/{rel}","templated":true}]}}