{"id":9345,"date":"2024-08-30T13:02:36","date_gmt":"2024-08-30T10:02:36","guid":{"rendered":"https:\/\/ataduyisitme.com\/?post_type=product&#038;p=9345"},"modified":"2024-09-14T17:34:06","modified_gmt":"2024-09-14T14:34:06","slug":"tv-connector","status":"publish","type":"product","link":"https:\/\/www.ataduyisitme.com\/en\/product\/tv-connector\/","title":{"rendered":"\u0130\u015fitme cihazlar\u0131 i\u00e7in TV Connector"},"content":{"rendered":"<ul>\n<li>Uzun mesafeli aktar\u0131m<\/li>\n<li>TV&#8217;nize kablosuz olarak rahat\u00e7a ba\u011flan\u0131n ve 15 metreye (50 ft) varan iletim aral\u0131\u011f\u0131nda \u00f6zg\u00fcrce hareket edin.<\/li>\n<li>Enerji tasarruflu<\/li>\n<li>Tescilli 2,4 GHz aktar\u0131m protokol\u00fc, her t\u00fcrl\u00fc TV, PC ve HiFi sisteminden enerji tasarruflu ses aktar\u0131m\u0131 sa\u011flar. Bu ses aktar\u0131m y\u00f6ntemi, i\u015fitme cihaz\u0131n\u0131z\u0131n pilinin daha uzun s\u00fcre dayanmas\u0131na yard\u0131mc\u0131 olabilir.<\/li>\n<li>\u00d6zel ses kontrol\u00fc<\/li>\n<li>TV&#8217;nin ses d\u00fczeyinden ba\u011f\u0131ms\u0131z olarak, aktar\u0131lan sesin d\u00fczeyini do\u011frudan i\u015fitme cihazlar\u0131n\u0131zdan kontrol edin.<\/li>\n<li>Kolay ba\u011flant\u0131<\/li>\n<li>1 metre (3 ft) i\u00e7inde alg\u0131lan\u0131r alg\u0131lanmaz, uyumlu i\u015fitme cihazlar\u0131yla birka\u00e7 kolay ad\u0131mda ilk otomatik e\u015fle\u015ftirme.<\/li>\n<li>Y\u00fcksek kaliteli ses<\/li>\n<li>Daha zengin bir e\u011flence deneyimi i\u00e7in en sevdi\u011finiz programlar\u0131, filmleri ve m\u00fczikleri \u00fcst\u00fcn sesle izleyin ve dinleyin.<\/li>\n<li>\u00c7oklu dinleyici \u00f6zelli\u011fi<\/li>\n<li>S\u0131n\u0131rs\u0131z say\u0131da i\u015fitme cihaz\u0131na ba\u011fl\u0131 tek bir benzersiz cihazla, aile \u00fcyeleriniz ve arkada\u015flar\u0131n\u0131zla birlikte televizyon izleyin.<\/li>\n<\/ul>","protected":false},"excerpt":{"rendered":"<ul>\n<li>Uzun mesafeli aktar\u0131m<\/li>\n<li>TV&#8217;nize kablosuz olarak rahat\u00e7a ba\u011flan\u0131n ve 15 metreye (50 ft) varan iletim aral\u0131\u011f\u0131nda \u00f6zg\u00fcrce hareket edin.<\/li>\n<li>Enerji tasarruflu<\/li>\n<li>Tescilli 2,4 GHz aktar\u0131m protokol\u00fc, her t\u00fcrl\u00fc TV, PC ve HiFi sisteminden enerji tasarruflu ses aktar\u0131m\u0131 sa\u011flar. Bu ses aktar\u0131m y\u00f6ntemi, i\u015fitme cihaz\u0131n\u0131z\u0131n pilinin daha uzun s\u00fcre dayanmas\u0131na yard\u0131mc\u0131 olabilir.<\/li>\n<li>\u00d6zel ses kontrol\u00fc<\/li>\n<li>TV&#8217;nin ses d\u00fczeyinden ba\u011f\u0131ms\u0131z olarak, aktar\u0131lan sesin d\u00fczeyini do\u011frudan i\u015fitme cihazlar\u0131n\u0131zdan kontrol edin.<\/li>\n<li>Kolay ba\u011flant\u0131<\/li>\n<li>1 metre (3 ft) i\u00e7inde alg\u0131lan\u0131r alg\u0131lanmaz, uyumlu i\u015fitme cihazlar\u0131yla birka\u00e7 kolay ad\u0131mda ilk otomatik e\u015fle\u015ftirme.<\/li>\n<li>Y\u00fcksek kaliteli ses<\/li>\n<li>Daha zengin bir e\u011flence deneyimi i\u00e7in en sevdi\u011finiz programlar\u0131, filmleri ve m\u00fczikleri \u00fcst\u00fcn sesle izleyin ve dinleyin.<\/li>\n<li>\u00c7oklu dinleyici \u00f6zelli\u011fi<\/li>\n<li>S\u0131n\u0131rs\u0131z say\u0131da i\u015fitme cihaz\u0131na ba\u011fl\u0131 tek bir benzersiz cihazla, aile \u00fcyeleriniz ve arkada\u015flar\u0131n\u0131zla birlikte televizyon izleyin.<\/li>\n<\/ul>","protected":false},"featured_media":9350,"template":"","meta":{"_acf_changed":false},"product_brand":[],"product_cat":[15],"product_tag":[69],"class_list":{"0":"post-9345","1":"product","2":"type-product","3":"status-publish","4":"has-post-thumbnail","6":"product_cat-aksesuarlar","7":"product_tag-ataduy","9":"first","10":"instock","11":"downloadable","12":"virtual","13":"product-type-simple"},"acf":[],"_links":{"self":[{"href":"https:\/\/www.ataduyisitme.com\/en\/wp-json\/wp\/v2\/product\/9345","targetHints":{"allow":["GET"]}}],"collection":[{"href":"https:\/\/www.ataduyisitme.com\/en\/wp-json\/wp\/v2\/product"}],"about":[{"href":"https:\/\/www.ataduyisitme.com\/en\/wp-json\/wp\/v2\/types\/product"}],"wp:featuredmedia":[{"embeddable":true,"href":"https:\/\/www.ataduyisitme.com\/en\/wp-json\/wp\/v2\/media\/9350"}],"wp:attachment":[{"href":"https:\/\/www.ataduyisitme.com\/en\/wp-json\/wp\/v2\/media?parent=9345"}],"wp:term":[{"taxonomy":"product_brand","embeddable":true,"href":"https:\/\/www.ataduyisitme.com\/en\/wp-json\/wp\/v2\/product_brand?post=9345"},{"taxonomy":"product_cat","embeddable":true,"href":"https:\/\/www.ataduyisitme.com\/en\/wp-json\/wp\/v2\/product_cat?post=9345"},{"taxonomy":"product_tag","embeddable":true,"href":"https:\/\/www.ataduyisitme.com\/en\/wp-json\/wp\/v2\/product_tag?post=9345"}],"curies":[{"name":"wp","href":"https:\/\/api.w.org\/{rel}","templated":true}]}}