{"id":9372,"date":"2024-08-30T14:33:16","date_gmt":"2024-08-30T11:33:16","guid":{"rendered":"https:\/\/ataduyisitme.com\/?post_type=product&#038;p=9372"},"modified":"2024-09-14T12:55:44","modified_gmt":"2024-09-14T09:55:44","slug":"audeo-p-312","status":"publish","type":"product","link":"https:\/\/www.ataduyisitme.com\/en\/product\/audeo-p-312\/","title":{"rendered":"Audeo P-312"},"content":{"rendered":"<p>312 P\u0130L<br \/>\n\u2022 BLUETOOTH BA\u011eLANTILI<br \/>\n\u2022 8 FARKLI RENKTE KAB\u0130N SE\u00c7ENE\u011e\u0130<br \/>\n\u2022 \u0130OS &amp; ANDRO\u0130D UYUMLU<br \/>\n\u2022 T\u0130NN\u0130TUS MASKELEME \u00d6ZELL\u0130KL\u0130<\/p>","protected":false},"excerpt":{"rendered":"<p>312 P\u0130L<br \/>\n\u2022 BLUETOOTH BA\u011eLANTILI<br \/>\n\u2022 8 FARKLI RENKTE KAB\u0130N SE\u00c7ENE\u011e\u0130<br \/>\n\u2022 \u0130OS &amp; ANDRO\u0130D UYUMLU<br \/>\n\u2022 T\u0130NN\u0130TUS MASKELEME \u00d6ZELL\u0130KL\u0130<\/p>","protected":false},"featured_media":9373,"template":"","meta":{"_acf_changed":false},"product_brand":[],"product_cat":[36],"product_tag":[69],"class_list":{"0":"post-9372","1":"product","2":"type-product","3":"status-publish","4":"has-post-thumbnail","6":"product_cat-phonak","7":"product_tag-ataduy","9":"first","10":"instock","11":"shipping-taxable","12":"product-type-simple"},"acf":[],"_links":{"self":[{"href":"https:\/\/www.ataduyisitme.com\/en\/wp-json\/wp\/v2\/product\/9372","targetHints":{"allow":["GET"]}}],"collection":[{"href":"https:\/\/www.ataduyisitme.com\/en\/wp-json\/wp\/v2\/product"}],"about":[{"href":"https:\/\/www.ataduyisitme.com\/en\/wp-json\/wp\/v2\/types\/product"}],"wp:featuredmedia":[{"embeddable":true,"href":"https:\/\/www.ataduyisitme.com\/en\/wp-json\/wp\/v2\/media\/9373"}],"wp:attachment":[{"href":"https:\/\/www.ataduyisitme.com\/en\/wp-json\/wp\/v2\/media?parent=9372"}],"wp:term":[{"taxonomy":"product_brand","embeddable":true,"href":"https:\/\/www.ataduyisitme.com\/en\/wp-json\/wp\/v2\/product_brand?post=9372"},{"taxonomy":"product_cat","embeddable":true,"href":"https:\/\/www.ataduyisitme.com\/en\/wp-json\/wp\/v2\/product_cat?post=9372"},{"taxonomy":"product_tag","embeddable":true,"href":"https:\/\/www.ataduyisitme.com\/en\/wp-json\/wp\/v2\/product_tag?post=9372"}],"curies":[{"name":"wp","href":"https:\/\/api.w.org\/{rel}","templated":true}]}}