{"id":9376,"date":"2024-08-30T14:37:07","date_gmt":"2024-08-30T11:37:07","guid":{"rendered":"https:\/\/ataduyisitme.com\/?post_type=product&#038;p=9376"},"modified":"2024-09-14T13:02:33","modified_gmt":"2024-09-14T10:02:33","slug":"naida-l-up","status":"publish","type":"product","link":"https:\/\/www.ataduyisitme.com\/en\/product\/naida-l-up\/","title":{"rendered":"Sky L-PR"},"content":{"rendered":"<p>\u2022 \u015eARJ ED\u0130LEB\u0130L\u0130R<br \/>\n\u2022 BLUETOOTH BA\u011eLANTILI<br \/>\n\u2022 14 FARKLI RENKTE KAB\u0130N VE BOYNUZ SE\u00c7ENE\u011e\u0130<br \/>\n\u2022 \u0130OS &amp; ANDRO\u0130D UYUMLU<br \/>\n\u2022 T\u0130NN\u0130TUS MASKELEME \u00d6ZELL\u0130KL\u0130<br \/>\n+K\u0130L\u0130TLENEB\u0130L\u0130R P\u0130L KAPA\u011eI<br \/>\n+ \u00c7OCUK BOYNUZU SE\u00c7ENE\u011e\u0130<\/p>","protected":false},"excerpt":{"rendered":"<p>\u2022 \u015eARJ ED\u0130LEB\u0130L\u0130R<br \/>\n\u2022 BLUETOOTH BA\u011eLANTILI<br \/>\n\u2022 14 FARKLI RENKTE KAB\u0130N VE BOYNUZ SE\u00c7ENE\u011e\u0130<br \/>\n\u2022 \u0130OS &amp; ANDRO\u0130D UYUMLU<br \/>\n\u2022 T\u0130NN\u0130TUS MASKELEME \u00d6ZELL\u0130KL\u0130<br \/>\n+K\u0130L\u0130TLENEB\u0130L\u0130R P\u0130L KAPA\u011eI<br \/>\n+ \u00c7OCUK BOYNUZU SE\u00c7ENE\u011e\u0130<\/p>","protected":false},"featured_media":9378,"template":"","meta":{"_acf_changed":false},"product_brand":[],"product_cat":[36],"product_tag":[69],"class_list":{"0":"post-9376","1":"product","2":"type-product","3":"status-publish","4":"has-post-thumbnail","6":"product_cat-phonak","7":"product_tag-ataduy","9":"first","10":"instock","11":"shipping-taxable","12":"product-type-simple"},"acf":[],"_links":{"self":[{"href":"https:\/\/www.ataduyisitme.com\/en\/wp-json\/wp\/v2\/product\/9376","targetHints":{"allow":["GET"]}}],"collection":[{"href":"https:\/\/www.ataduyisitme.com\/en\/wp-json\/wp\/v2\/product"}],"about":[{"href":"https:\/\/www.ataduyisitme.com\/en\/wp-json\/wp\/v2\/types\/product"}],"wp:featuredmedia":[{"embeddable":true,"href":"https:\/\/www.ataduyisitme.com\/en\/wp-json\/wp\/v2\/media\/9378"}],"wp:attachment":[{"href":"https:\/\/www.ataduyisitme.com\/en\/wp-json\/wp\/v2\/media?parent=9376"}],"wp:term":[{"taxonomy":"product_brand","embeddable":true,"href":"https:\/\/www.ataduyisitme.com\/en\/wp-json\/wp\/v2\/product_brand?post=9376"},{"taxonomy":"product_cat","embeddable":true,"href":"https:\/\/www.ataduyisitme.com\/en\/wp-json\/wp\/v2\/product_cat?post=9376"},{"taxonomy":"product_tag","embeddable":true,"href":"https:\/\/www.ataduyisitme.com\/en\/wp-json\/wp\/v2\/product_tag?post=9376"}],"curies":[{"name":"wp","href":"https:\/\/api.w.org\/{rel}","templated":true}]}}