{"id":9574,"date":"2024-09-14T17:45:34","date_gmt":"2024-09-14T14:45:34","guid":{"rendered":"https:\/\/www.ataduyisitme.com\/?post_type=product&#038;p=9574"},"modified":"2024-09-27T15:16:01","modified_gmt":"2024-09-27T12:16:01","slug":"audeo-l-r-slim","status":"publish","type":"product","link":"https:\/\/www.ataduyisitme.com\/en\/product\/audeo-l-r-slim\/","title":{"rendered":"Audeo L-R Slim"},"content":{"rendered":"<p>\u2022 \u015eARJ ED\u0130LEB\u0130L\u0130R<br \/>\n\u2022 BLUETOOTH BA\u011eLANTILI<br \/>\n\u2022 4 FARKLI RENKTE KAB\u0130N SE\u00c7ENE\u011e\u0130<br \/>\n\u2022 \u0130OS &amp; ANDRO\u0130D UYUMLU<br \/>\n\u2022 T\u0130NN\u0130TUS MASKELEME \u00d6ZELL\u0130KL\u0130<br \/>\n\u2022 YEN\u0130 LUM\u0130TY PLATFORMU<br \/>\n\u2022 \u015eIK VE \u00c7EK\u0130C\u0130 TASARIM<\/p>","protected":false},"excerpt":{"rendered":"<p>\u2022 \u015eARJ ED\u0130LEB\u0130L\u0130R<br \/>\n\u2022 BLUETOOTH BA\u011eLANTILI<br \/>\n\u2022 4 FARKLI RENKTE KAB\u0130N SE\u00c7ENE\u011e\u0130<br \/>\n\u2022 \u0130OS &amp; ANDRO\u0130D UYUMLU<br \/>\n\u2022 T\u0130NN\u0130TUS MASKELEME \u00d6ZELL\u0130KL\u0130<br \/>\n\u2022 YEN\u0130 LUM\u0130TY PLATFORMU<br \/>\n\u2022 \u015eIK VE \u00c7EK\u0130C\u0130 TASARIM<\/p>","protected":false},"featured_media":9575,"template":"","meta":{"_acf_changed":false},"product_brand":[],"product_cat":[36],"product_tag":[69],"class_list":{"0":"post-9574","1":"product","2":"type-product","3":"status-publish","4":"has-post-thumbnail","6":"product_cat-phonak","7":"product_tag-ataduy","9":"first","10":"instock","11":"shipping-taxable","12":"product-type-simple"},"acf":[],"_links":{"self":[{"href":"https:\/\/www.ataduyisitme.com\/en\/wp-json\/wp\/v2\/product\/9574","targetHints":{"allow":["GET"]}}],"collection":[{"href":"https:\/\/www.ataduyisitme.com\/en\/wp-json\/wp\/v2\/product"}],"about":[{"href":"https:\/\/www.ataduyisitme.com\/en\/wp-json\/wp\/v2\/types\/product"}],"wp:featuredmedia":[{"embeddable":true,"href":"https:\/\/www.ataduyisitme.com\/en\/wp-json\/wp\/v2\/media\/9575"}],"wp:attachment":[{"href":"https:\/\/www.ataduyisitme.com\/en\/wp-json\/wp\/v2\/media?parent=9574"}],"wp:term":[{"taxonomy":"product_brand","embeddable":true,"href":"https:\/\/www.ataduyisitme.com\/en\/wp-json\/wp\/v2\/product_brand?post=9574"},{"taxonomy":"product_cat","embeddable":true,"href":"https:\/\/www.ataduyisitme.com\/en\/wp-json\/wp\/v2\/product_cat?post=9574"},{"taxonomy":"product_tag","embeddable":true,"href":"https:\/\/www.ataduyisitme.com\/en\/wp-json\/wp\/v2\/product_tag?post=9574"}],"curies":[{"name":"wp","href":"https:\/\/api.w.org\/{rel}","templated":true}]}}