{"id":9580,"date":"2024-09-14T17:57:52","date_gmt":"2024-09-14T14:57:52","guid":{"rendered":"https:\/\/www.ataduyisitme.com\/?post_type=product&#038;p=9580"},"modified":"2024-10-30T11:06:10","modified_gmt":"2024-10-30T08:06:10","slug":"moxi-v-rs","status":"publish","type":"product","link":"https:\/\/www.ataduyisitme.com\/en\/product\/moxi-v-rs\/","title":{"rendered":"Moxi V-RS"},"content":{"rendered":"<p>\u2022 \u015eARJ ED\u0130LEB\u0130L\u0130R<br \/>\n\u2022 BLUETOOTH BA\u011eLANTILI<br \/>\n\u2022 4 FARKLI RENKTE KAB\u0130N SE\u00c7ENE\u011e\u0130<br \/>\n\u2022 \u0130OS &amp; ANDRO\u0130D UYUMLU<br \/>\n\u2022 T\u0130NN\u0130TUS MASKELEME \u00d6ZELL\u0130KL\u0130<br \/>\n\u2022 YEN\u0130 V\u0130VANTE PLATFORMU<\/p>","protected":false},"excerpt":{"rendered":"<p>\u2022 \u015eARJ ED\u0130LEB\u0130L\u0130R<br \/>\n\u2022 BLUETOOTH BA\u011eLANTILI<br \/>\n\u2022 4 FARKLI RENKTE KAB\u0130N SE\u00c7ENE\u011e\u0130<br \/>\n\u2022 \u0130OS &amp; ANDRO\u0130D UYUMLU<br \/>\n\u2022 T\u0130NN\u0130TUS MASKELEME \u00d6ZELL\u0130KL\u0130<br \/>\n\u2022 YEN\u0130 V\u0130VANTE PLATFORMU<\/p>","protected":false},"featured_media":9581,"template":"","meta":{"_acf_changed":false},"product_brand":[],"product_cat":[68],"product_tag":[69],"class_list":{"0":"post-9580","1":"product","2":"type-product","3":"status-publish","4":"has-post-thumbnail","6":"product_cat-unitron","7":"product_tag-ataduy","9":"first","10":"instock","11":"shipping-taxable","12":"product-type-simple"},"acf":[],"_links":{"self":[{"href":"https:\/\/www.ataduyisitme.com\/en\/wp-json\/wp\/v2\/product\/9580","targetHints":{"allow":["GET"]}}],"collection":[{"href":"https:\/\/www.ataduyisitme.com\/en\/wp-json\/wp\/v2\/product"}],"about":[{"href":"https:\/\/www.ataduyisitme.com\/en\/wp-json\/wp\/v2\/types\/product"}],"wp:featuredmedia":[{"embeddable":true,"href":"https:\/\/www.ataduyisitme.com\/en\/wp-json\/wp\/v2\/media\/9581"}],"wp:attachment":[{"href":"https:\/\/www.ataduyisitme.com\/en\/wp-json\/wp\/v2\/media?parent=9580"}],"wp:term":[{"taxonomy":"product_brand","embeddable":true,"href":"https:\/\/www.ataduyisitme.com\/en\/wp-json\/wp\/v2\/product_brand?post=9580"},{"taxonomy":"product_cat","embeddable":true,"href":"https:\/\/www.ataduyisitme.com\/en\/wp-json\/wp\/v2\/product_cat?post=9580"},{"taxonomy":"product_tag","embeddable":true,"href":"https:\/\/www.ataduyisitme.com\/en\/wp-json\/wp\/v2\/product_tag?post=9580"}],"curies":[{"name":"wp","href":"https:\/\/api.w.org\/{rel}","templated":true}]}}