{"id":9882,"date":"2025-07-09T11:14:23","date_gmt":"2025-07-09T08:14:23","guid":{"rendered":"https:\/\/www.ataduyisitme.com\/?post_type=product&#038;p=9882"},"modified":"2026-03-30T15:00:45","modified_gmt":"2026-03-30T12:00:45","slug":"audeo-infinio-ultra-i30-r","status":"publish","type":"product","link":"https:\/\/www.ataduyisitme.com\/en\/product\/audeo-infinio-ultra-i30-r\/","title":{"rendered":"Audeo Infinio Ultra I30-R"},"content":{"rendered":"<div>G\u00fcnl\u00fck kullan\u0131m i\u00e7in g\u00fcvenilir ba\u015flang\u0131\u00e7<\/div>\n<div><\/div>\n<div>Seviye: Giri\u015f<\/div>\n<div>Kanal: 12 kanal<\/div>\n<div>\u015earj s\u00fcresi: 31 saate kadar kullan\u0131m<\/div>\n<div><\/div>\n<div>\u00d6ne \u00e7\u0131kan \u00f6zellikler<\/div>\n<div>\u2022Otomatik ortam uyumu ile kolay kullan\u0131m<\/div>\n<div>\u2022G\u00fcnl\u00fck konu\u015fmalarda dengeli netlik<\/div>\n<div>\u2022\u015earjl\u0131 yap\u0131s\u0131yla pratik kullan\u0131m<\/div>\n<div><\/div>\n<div>Kimin i\u00e7in uygun?<\/div>\n<div>Daha sakin ortamlarda netlik isteyen ve i\u015fitme cihaz\u0131na yeni ba\u015flayan kullan\u0131c\u0131lar.<\/div>","protected":false},"excerpt":{"rendered":"<p>G\u00fcnl\u00fck i\u015fitme ihtiya\u00e7lar\u0131 i\u00e7in ak\u0131ll\u0131 ve pratik ba\u015flang\u0131\u00e7.Infinio Ultra i30, yeni nesil AutoSense OS 7.0 ile bulundu\u011funuz ortam\u0131 otomatik alg\u0131lar ve sesi g\u00fcnl\u00fck kullan\u0131m i\u00e7in daha dengeli hale getirir. APD 3.0 sayesinde ilk andan itibaren daha do\u011fal ve konforlu bir i\u015fitme deneyimi sunarken, Bluetooth ba\u011flant\u0131s\u0131 ile telefon ve di\u011fer uyumlu cihazlara kolayca ba\u011flan\u0131r. 31 saate kadar pil \u00f6mr\u00fc ve EasyGuard yap\u0131s\u0131 ile hem uzun kullan\u0131m hem de daha kolay bak\u0131m avantaj\u0131 sa\u011flar.<\/p>","protected":false},"featured_media":10281,"template":"","meta":{"_acf_changed":false},"product_brand":[],"product_cat":[36],"product_tag":[69],"class_list":{"0":"post-9882","1":"product","2":"type-product","3":"status-publish","4":"has-post-thumbnail","6":"product_cat-phonak","7":"product_tag-ataduy","9":"first","10":"instock","11":"shipping-taxable","12":"product-type-simple"},"acf":[],"_links":{"self":[{"href":"https:\/\/www.ataduyisitme.com\/en\/wp-json\/wp\/v2\/product\/9882","targetHints":{"allow":["GET"]}}],"collection":[{"href":"https:\/\/www.ataduyisitme.com\/en\/wp-json\/wp\/v2\/product"}],"about":[{"href":"https:\/\/www.ataduyisitme.com\/en\/wp-json\/wp\/v2\/types\/product"}],"wp:featuredmedia":[{"embeddable":true,"href":"https:\/\/www.ataduyisitme.com\/en\/wp-json\/wp\/v2\/media\/10281"}],"wp:attachment":[{"href":"https:\/\/www.ataduyisitme.com\/en\/wp-json\/wp\/v2\/media?parent=9882"}],"wp:term":[{"taxonomy":"product_brand","embeddable":true,"href":"https:\/\/www.ataduyisitme.com\/en\/wp-json\/wp\/v2\/product_brand?post=9882"},{"taxonomy":"product_cat","embeddable":true,"href":"https:\/\/www.ataduyisitme.com\/en\/wp-json\/wp\/v2\/product_cat?post=9882"},{"taxonomy":"product_tag","embeddable":true,"href":"https:\/\/www.ataduyisitme.com\/en\/wp-json\/wp\/v2\/product_tag?post=9882"}],"curies":[{"name":"wp","href":"https:\/\/api.w.org\/{rel}","templated":true}]}}